{"id":207757,"date":"2018-08-23T11:54:19","date_gmt":"2018-08-23T09:54:19","guid":{"rendered":"http:\/\/totdecasa.fr\/?post_type=product&#038;p=207757"},"modified":"2020-09-23T11:33:25","modified_gmt":"2020-09-23T09:33:25","slug":"vin-blanc-sec-naturel-evidencia","status":"publish","type":"product","link":"https:\/\/totdecasa.fr\/index.php\/produit\/vin-blanc-sec-naturel-evidencia\/","title":{"rendered":"Vin Blanc Sec Naturel \u00ab\u00a0Evidencia\u00a0\u00bb &#8211; Clos Lapeyre"},"content":{"rendered":"<p>C\u00e9pages : 1\/3 Petit Manseng, 1\/3 Gros Manseng,1\/3 Courbu.<\/p>\n<p>D\u00e9gustation : Les ar\u00f4mes sont sp\u00e9cifiques, allant de la p\u00eache \u00e0 la pomme, la poire et la n\u00e8fle, puisqu\u2019il n\u2019y a aucune protection anti-oxydante (pas de sulfites ajout\u00e9s) ; la bouche est explosive de fruit avec une sensation tactile tr\u00e8s suave : un vrai jus !<\/p>\n<p>Il pourra accompagner un tartare de poisson cru, une dorade au fenouil cuite \u00e0 la vapeur, et un plateau de fromages juste affin\u00e9s.<\/p>\n<p>C\u2019est un vin ouvert qui se donne 100% avec beaucoup de longueur, de volume : un magnifique fruit m\u00fbr \u00e0 consommer \u00ab sous l\u2019arbre \u00bb, libre, \u2026<\/p>\n<p>Et la garde ? Ah, on ne sait pas. Mais il n\u2019est pas pr\u00e9vu pour \u00e7a bien s\u00fbr !<\/p>\n<p><em>L\u2019abus d\u2019alcool est dangereux pour la sant\u00e9.<\/em><\/p>\n","protected":false},"excerpt":{"rendered":"<p>C\u00e9pages : 1\/3 Petit Manseng, 1\/3 Gros Manseng,1\/3 Courbu. D\u00e9gustation : Les ar\u00f4mes sont sp\u00e9cifiques, allant de la p\u00eache \u00e0 la pomme, la poire et la n\u00e8fle, puisqu\u2019il n\u2019y a aucune protection anti-oxydante (pas de sulfites ajout\u00e9s) ; la bouche est explosive de fruit avec une sensation tactile tr\u00e8s suave : un vrai jus ! [&hellip;]<\/p>\n","protected":false},"featured_media":208378,"comment_status":"open","ping_status":"closed","template":"","meta":{"_et_pb_use_builder":"","_et_pb_old_content":"","_et_gb_content_width":""},"product_brand":[],"product_cat":[25,77,58],"product_tag":[130],"class_list":{"0":"post-207757","1":"product","2":"type-product","3":"status-publish","4":"has-post-thumbnail","6":"product_cat-boissons","7":"product_cat-clos-lapeyre","8":"product_cat-vins-blancs-secs","9":"product_tag-clos-lapeyre","11":"first","12":"instock","13":"shipping-taxable","14":"product-type-simple"},"_links":{"self":[{"href":"https:\/\/totdecasa.fr\/index.php\/wp-json\/wp\/v2\/product\/207757","targetHints":{"allow":["GET"]}}],"collection":[{"href":"https:\/\/totdecasa.fr\/index.php\/wp-json\/wp\/v2\/product"}],"about":[{"href":"https:\/\/totdecasa.fr\/index.php\/wp-json\/wp\/v2\/types\/product"}],"replies":[{"embeddable":true,"href":"https:\/\/totdecasa.fr\/index.php\/wp-json\/wp\/v2\/comments?post=207757"}],"wp:featuredmedia":[{"embeddable":true,"href":"https:\/\/totdecasa.fr\/index.php\/wp-json\/wp\/v2\/media\/208378"}],"wp:attachment":[{"href":"https:\/\/totdecasa.fr\/index.php\/wp-json\/wp\/v2\/media?parent=207757"}],"wp:term":[{"taxonomy":"product_brand","embeddable":true,"href":"https:\/\/totdecasa.fr\/index.php\/wp-json\/wp\/v2\/product_brand?post=207757"},{"taxonomy":"product_cat","embeddable":true,"href":"https:\/\/totdecasa.fr\/index.php\/wp-json\/wp\/v2\/product_cat?post=207757"},{"taxonomy":"product_tag","embeddable":true,"href":"https:\/\/totdecasa.fr\/index.php\/wp-json\/wp\/v2\/product_tag?post=207757"}],"curies":[{"name":"wp","href":"https:\/\/api.w.org\/{rel}","templated":true}]}}