{"id":207312,"date":"2018-05-24T11:56:00","date_gmt":"2018-05-24T09:56:00","guid":{"rendered":"http:\/\/totdecasa.fr\/?post_type=product&#038;p=207312"},"modified":"2022-11-26T05:23:35","modified_gmt":"2022-11-26T04:23:35","slug":"chipolatas-a-lancienne-ferme-du-claus","status":"publish","type":"product","link":"https:\/\/totdecasa.fr\/index.php\/produit\/chipolatas-a-lancienne-ferme-du-claus\/","title":{"rendered":"Chipolatas \u00e0 l&rsquo;ancienne"},"content":{"rendered":"<p>Des chipolatas fines, bien relev\u00e9es, parfaites pour le gril, la po\u00eale ou un petit riz pilaf. Entre 7 et 9 pi\u00e8ces conditionn\u00e9es sous vide (poches de 500g).<\/p>\n<p><strong>Remarque importante : le poids moyen du paquet de chipolatas est de 500g. Le montant calcul\u00e9 est donc indicatif, il sera fonction du poids r\u00e9el du paquet.<\/strong><\/p>\n<p>Ingr\u00e9dients : viande de porc, assaisonnements, ac\u00e9tate de sodium, ascorbate de sodium.<\/p>\n<p>Les porcs (race Duroc) sont \u00e9lev\u00e9s en plein air et essentiellement nourris avec les c\u00e9r\u00e9ales et fourrages produits sur l\u2019exploitation.<\/p>\n","protected":false},"excerpt":{"rendered":"<p>Des chipolatas fines, bien relev\u00e9es, parfaites pour le gril, la po\u00eale ou un petit riz pilaf. Entre 7 et 9 pi\u00e8ces conditionn\u00e9es sous vide (poches de 500g). Remarque importante : le poids moyen du paquet de chipolatas est de 500g. Le montant calcul\u00e9 est donc indicatif, il sera fonction du poids r\u00e9el du paquet. Ingr\u00e9dients [&hellip;]<\/p>\n","protected":false},"featured_media":209352,"comment_status":"open","ping_status":"closed","template":"","meta":{"_et_pb_use_builder":"","_et_pb_old_content":"","_et_gb_content_width":""},"product_brand":[],"product_cat":[86,33,18],"product_tag":[128],"class_list":{"0":"post-207312","1":"product","2":"type-product","3":"status-publish","4":"has-post-thumbnail","6":"product_cat-la-ferme-du-claus","7":"product_cat-porc","8":"product_cat-viande","9":"product_tag-ferme-du-claus","11":"first","12":"outofstock","13":"shipping-taxable","14":"product-type-simple"},"_links":{"self":[{"href":"https:\/\/totdecasa.fr\/index.php\/wp-json\/wp\/v2\/product\/207312","targetHints":{"allow":["GET"]}}],"collection":[{"href":"https:\/\/totdecasa.fr\/index.php\/wp-json\/wp\/v2\/product"}],"about":[{"href":"https:\/\/totdecasa.fr\/index.php\/wp-json\/wp\/v2\/types\/product"}],"replies":[{"embeddable":true,"href":"https:\/\/totdecasa.fr\/index.php\/wp-json\/wp\/v2\/comments?post=207312"}],"wp:featuredmedia":[{"embeddable":true,"href":"https:\/\/totdecasa.fr\/index.php\/wp-json\/wp\/v2\/media\/209352"}],"wp:attachment":[{"href":"https:\/\/totdecasa.fr\/index.php\/wp-json\/wp\/v2\/media?parent=207312"}],"wp:term":[{"taxonomy":"product_brand","embeddable":true,"href":"https:\/\/totdecasa.fr\/index.php\/wp-json\/wp\/v2\/product_brand?post=207312"},{"taxonomy":"product_cat","embeddable":true,"href":"https:\/\/totdecasa.fr\/index.php\/wp-json\/wp\/v2\/product_cat?post=207312"},{"taxonomy":"product_tag","embeddable":true,"href":"https:\/\/totdecasa.fr\/index.php\/wp-json\/wp\/v2\/product_tag?post=207312"}],"curies":[{"name":"wp","href":"https:\/\/api.w.org\/{rel}","templated":true}]}}