{"id":207299,"date":"2018-05-21T18:48:17","date_gmt":"2018-05-21T16:48:17","guid":{"rendered":"http:\/\/totdecasa.fr\/?post_type=product&#038;p=207299"},"modified":"2023-07-09T07:29:55","modified_gmt":"2023-07-09T05:29:55","slug":"fritons-doie","status":"publish","type":"product","link":"https:\/\/totdecasa.fr\/index.php\/produit\/fritons-doie\/","title":{"rendered":"Fritons d&rsquo;oie"},"content":{"rendered":"<p>Gav\u00e9es de fa\u00e7on traditionnelle, au ma\u00efs grains entiers, cultiv\u00e9 chez nous, au c\u0153ur du B\u00e9arn, les oies grises de Toulouse nous offrent une viande savoureuse au go\u00fbt tr\u00e8s fin. Une production traditionnelle devenue rare aujourd&rsquo;hui.<\/p>\n<p>Pour un pic-nique paysan, en entr\u00e9e, ou ti\u00e8de avec des c\u00e8pes en omelette accompagn\u00e9 d&rsquo;une salade.<\/p>\n<p>Ingr\u00e9dients: gras et viande d\u2019oie, sel, poivre, ail.<\/p>\n<p>Poids net : 250g<\/p>\n","protected":false},"excerpt":{"rendered":"<p>Gav\u00e9es de fa\u00e7on traditionnelle, au ma\u00efs grains entiers, cultiv\u00e9 chez nous, au c\u0153ur du B\u00e9arn, les oies grises de Toulouse nous offrent une viande savoureuse au go\u00fbt tr\u00e8s fin. Une production traditionnelle devenue rare aujourd&rsquo;hui. Pour un pic-nique paysan, en entr\u00e9e, ou ti\u00e8de avec des c\u00e8pes en omelette accompagn\u00e9 d&rsquo;une salade. Ingr\u00e9dients: gras et viande [&hellip;]<\/p>\n","protected":false},"featured_media":206600,"comment_status":"open","ping_status":"closed","template":"","meta":{"_et_pb_use_builder":"","_et_pb_old_content":"","_et_gb_content_width":""},"product_brand":[],"product_cat":[22,96,54],"product_tag":[143],"class_list":{"0":"post-207299","1":"product","2":"type-product","3":"status-publish","4":"has-post-thumbnail","6":"product_cat-conserves-fines","7":"product_cat-ferme-daries","8":"product_cat-pates-rillettes","9":"product_tag-ferme-daries-lys","11":"first","12":"instock","13":"shipping-taxable","14":"product-type-simple"},"_links":{"self":[{"href":"https:\/\/totdecasa.fr\/index.php\/wp-json\/wp\/v2\/product\/207299","targetHints":{"allow":["GET"]}}],"collection":[{"href":"https:\/\/totdecasa.fr\/index.php\/wp-json\/wp\/v2\/product"}],"about":[{"href":"https:\/\/totdecasa.fr\/index.php\/wp-json\/wp\/v2\/types\/product"}],"replies":[{"embeddable":true,"href":"https:\/\/totdecasa.fr\/index.php\/wp-json\/wp\/v2\/comments?post=207299"}],"wp:featuredmedia":[{"embeddable":true,"href":"https:\/\/totdecasa.fr\/index.php\/wp-json\/wp\/v2\/media\/206600"}],"wp:attachment":[{"href":"https:\/\/totdecasa.fr\/index.php\/wp-json\/wp\/v2\/media?parent=207299"}],"wp:term":[{"taxonomy":"product_brand","embeddable":true,"href":"https:\/\/totdecasa.fr\/index.php\/wp-json\/wp\/v2\/product_brand?post=207299"},{"taxonomy":"product_cat","embeddable":true,"href":"https:\/\/totdecasa.fr\/index.php\/wp-json\/wp\/v2\/product_cat?post=207299"},{"taxonomy":"product_tag","embeddable":true,"href":"https:\/\/totdecasa.fr\/index.php\/wp-json\/wp\/v2\/product_tag?post=207299"}],"curies":[{"name":"wp","href":"https:\/\/api.w.org\/{rel}","templated":true}]}}