{"id":207295,"date":"2018-05-21T18:44:26","date_gmt":"2018-05-21T16:44:26","guid":{"rendered":"http:\/\/totdecasa.fr\/?post_type=product&#038;p=207295"},"modified":"2020-05-27T12:32:26","modified_gmt":"2020-05-27T10:32:26","slug":"aiguillettes-doies-confites","status":"publish","type":"product","link":"https:\/\/totdecasa.fr\/index.php\/produit\/aiguillettes-doies-confites\/","title":{"rendered":"Aiguillettes d&rsquo;oies confites"},"content":{"rendered":"<p>Gav\u00e9es de fa\u00e7on traditionnelle, au ma\u00efs grains entiers, cultiv\u00e9 chez nous, au c\u0153ur du B\u00e9arn, les oies grises de Toulouse nous offrent une viande savoureuse au go\u00fbt tr\u00e8s fin. Une production traditionnelle devenue rare aujourd&rsquo;hui.<\/p>\n<p>A r\u00e9chauffer \u00e0 la po\u00eale, en accompagnement d&rsquo;un l\u00e9gume de votre choix ou sur une salade compos\u00e9e.<\/p>\n<p>Ingr\u00e9dients: aiguillettes d\u2019oie, graisse, sel.<\/p>\n<p>Poids net : 350g<\/p>\n","protected":false},"excerpt":{"rendered":"<p>Gav\u00e9es de fa\u00e7on traditionnelle, au ma\u00efs grains entiers, cultiv\u00e9 chez nous, au c\u0153ur du B\u00e9arn, les oies grises de Toulouse nous offrent une viande savoureuse au go\u00fbt tr\u00e8s fin. Une production traditionnelle devenue rare aujourd&rsquo;hui. A r\u00e9chauffer \u00e0 la po\u00eale, en accompagnement d&rsquo;un l\u00e9gume de votre choix ou sur une salade compos\u00e9e. Ingr\u00e9dients: aiguillettes d\u2019oie, [&hellip;]<\/p>\n","protected":false},"featured_media":206598,"comment_status":"open","ping_status":"closed","template":"","meta":{"_et_pb_use_builder":"","_et_pb_old_content":"","_et_gb_content_width":""},"product_brand":[],"product_cat":[50,22,96],"product_tag":[143],"class_list":{"0":"post-207295","1":"product","2":"type-product","3":"status-publish","4":"has-post-thumbnail","6":"product_cat-confits","7":"product_cat-conserves-fines","8":"product_cat-ferme-daries","9":"product_tag-ferme-daries-lys","11":"first","12":"instock","13":"shipping-taxable","14":"product-type-simple"},"_links":{"self":[{"href":"https:\/\/totdecasa.fr\/index.php\/wp-json\/wp\/v2\/product\/207295","targetHints":{"allow":["GET"]}}],"collection":[{"href":"https:\/\/totdecasa.fr\/index.php\/wp-json\/wp\/v2\/product"}],"about":[{"href":"https:\/\/totdecasa.fr\/index.php\/wp-json\/wp\/v2\/types\/product"}],"replies":[{"embeddable":true,"href":"https:\/\/totdecasa.fr\/index.php\/wp-json\/wp\/v2\/comments?post=207295"}],"wp:featuredmedia":[{"embeddable":true,"href":"https:\/\/totdecasa.fr\/index.php\/wp-json\/wp\/v2\/media\/206598"}],"wp:attachment":[{"href":"https:\/\/totdecasa.fr\/index.php\/wp-json\/wp\/v2\/media?parent=207295"}],"wp:term":[{"taxonomy":"product_brand","embeddable":true,"href":"https:\/\/totdecasa.fr\/index.php\/wp-json\/wp\/v2\/product_brand?post=207295"},{"taxonomy":"product_cat","embeddable":true,"href":"https:\/\/totdecasa.fr\/index.php\/wp-json\/wp\/v2\/product_cat?post=207295"},{"taxonomy":"product_tag","embeddable":true,"href":"https:\/\/totdecasa.fr\/index.php\/wp-json\/wp\/v2\/product_tag?post=207295"}],"curies":[{"name":"wp","href":"https:\/\/api.w.org\/{rel}","templated":true}]}}