{"id":207292,"date":"2018-05-21T18:02:27","date_gmt":"2018-05-21T16:02:27","guid":{"rendered":"http:\/\/totdecasa.fr\/?post_type=product&#038;p=207292"},"modified":"2020-05-27T12:32:27","modified_gmt":"2020-05-27T10:32:27","slug":"pate-au-foie-doie","status":"publish","type":"product","link":"https:\/\/totdecasa.fr\/index.php\/produit\/pate-au-foie-doie\/","title":{"rendered":"P\u00e2t\u00e9 au foie d&rsquo;oie"},"content":{"rendered":"<p>Gav\u00e9es de fa\u00e7on traditionnelle, au ma\u00efs grains entiers, cultiv\u00e9 chez nous, au c\u0153ur du B\u00e9arn, les oies grises de Toulouse nous offrent un foie savoureux au go\u00fbt tr\u00e8s fin. Une production traditionnelle devenue rare aujourd\u2019hui.<\/p>\n<p>Pour un pic-nique sympathique, une petite ou une grande occasion, servir frais de pr\u00e9f\u00e9rence.<\/p>\n<p>Ingr\u00e9dients : foie d\u2019oie reconstitu\u00e9(50 %), goula de porc, sel, poivre.<\/p>\n<p>Poids net : 130g ou 190g<\/p>\n","protected":false},"excerpt":{"rendered":"<p>Gav\u00e9es de fa\u00e7on traditionnelle, au ma\u00efs grains entiers, cultiv\u00e9 chez nous, au c\u0153ur du B\u00e9arn, les oies grises de Toulouse nous offrent un foie savoureux au go\u00fbt tr\u00e8s fin. Une production traditionnelle devenue rare aujourd\u2019hui. Pour un pic-nique sympathique, une petite ou une grande occasion, servir frais de pr\u00e9f\u00e9rence. Ingr\u00e9dients : foie d\u2019oie reconstitu\u00e9(50 %), [&hellip;]<\/p>\n","protected":false},"featured_media":206599,"comment_status":"open","ping_status":"closed","template":"","meta":{"_et_pb_use_builder":"","_et_pb_old_content":"","_et_gb_content_width":""},"product_brand":[],"product_cat":[22,96,54],"product_tag":[143],"class_list":{"0":"post-207292","1":"product","2":"type-product","3":"status-publish","4":"has-post-thumbnail","6":"product_cat-conserves-fines","7":"product_cat-ferme-daries","8":"product_cat-pates-rillettes","9":"product_tag-ferme-daries-lys","11":"first","12":"instock","13":"shipping-taxable","14":"product-type-variable"},"_links":{"self":[{"href":"https:\/\/totdecasa.fr\/index.php\/wp-json\/wp\/v2\/product\/207292","targetHints":{"allow":["GET"]}}],"collection":[{"href":"https:\/\/totdecasa.fr\/index.php\/wp-json\/wp\/v2\/product"}],"about":[{"href":"https:\/\/totdecasa.fr\/index.php\/wp-json\/wp\/v2\/types\/product"}],"replies":[{"embeddable":true,"href":"https:\/\/totdecasa.fr\/index.php\/wp-json\/wp\/v2\/comments?post=207292"}],"wp:featuredmedia":[{"embeddable":true,"href":"https:\/\/totdecasa.fr\/index.php\/wp-json\/wp\/v2\/media\/206599"}],"wp:attachment":[{"href":"https:\/\/totdecasa.fr\/index.php\/wp-json\/wp\/v2\/media?parent=207292"}],"wp:term":[{"taxonomy":"product_brand","embeddable":true,"href":"https:\/\/totdecasa.fr\/index.php\/wp-json\/wp\/v2\/product_brand?post=207292"},{"taxonomy":"product_cat","embeddable":true,"href":"https:\/\/totdecasa.fr\/index.php\/wp-json\/wp\/v2\/product_cat?post=207292"},{"taxonomy":"product_tag","embeddable":true,"href":"https:\/\/totdecasa.fr\/index.php\/wp-json\/wp\/v2\/product_tag?post=207292"}],"curies":[{"name":"wp","href":"https:\/\/api.w.org\/{rel}","templated":true}]}}