{"id":207283,"date":"2018-05-21T16:24:19","date_gmt":"2018-05-21T14:24:19","guid":{"rendered":"http:\/\/totdecasa.fr\/?post_type=product&#038;p=207283"},"modified":"2021-05-14T12:07:17","modified_gmt":"2021-05-14T10:07:17","slug":"bocal-de-foie-gras-doie","status":"publish","type":"product","link":"https:\/\/totdecasa.fr\/index.php\/produit\/bocal-de-foie-gras-doie\/","title":{"rendered":"Bocal de foie gras d&rsquo;oie"},"content":{"rendered":"<p>Gav\u00e9es de fa\u00e7on traditionnelle, au ma\u00efs grains entiers, cultiv\u00e9 chez nous, au c\u0153ur du B\u00e9arn, les oies grises de Toulouse nous offrent un foie savoureux au go\u00fbt tr\u00e8s fin. Une production traditionnelle devenue rare aujourd&rsquo;hui.<\/p>\n<p>Avec son go\u00fbt tr\u00e8s fin et sa texture fondante, le foie gras d&rsquo;oie s\u2019adresse aux connaisseurs et aux gourmets curieux !<\/p>\n<p>Ingr\u00e9dients : foie gras d\u2019oie entier, sel, poivre.<\/p>\n<p>Poids net : 150g<\/p>\n","protected":false},"excerpt":{"rendered":"<p>Gav\u00e9es de fa\u00e7on traditionnelle, au ma\u00efs grains entiers, cultiv\u00e9 chez nous, au c\u0153ur du B\u00e9arn, les oies grises de Toulouse nous offrent un foie savoureux au go\u00fbt tr\u00e8s fin. Une production traditionnelle devenue rare aujourd&rsquo;hui. Avec son go\u00fbt tr\u00e8s fin et sa texture fondante, le foie gras d&rsquo;oie s\u2019adresse aux connaisseurs et aux gourmets curieux [&hellip;]<\/p>\n","protected":false},"featured_media":208376,"comment_status":"open","ping_status":"closed","template":"","meta":{"_et_pb_use_builder":"","_et_pb_old_content":"","_et_gb_content_width":""},"product_brand":[],"product_cat":[22,96,55],"product_tag":[143],"class_list":{"0":"post-207283","1":"product","2":"type-product","3":"status-publish","4":"has-post-thumbnail","6":"product_cat-conserves-fines","7":"product_cat-ferme-daries","8":"product_cat-foie-gras","9":"product_tag-ferme-daries-lys","11":"first","12":"instock","13":"shipping-taxable","14":"product-type-simple"},"_links":{"self":[{"href":"https:\/\/totdecasa.fr\/index.php\/wp-json\/wp\/v2\/product\/207283","targetHints":{"allow":["GET"]}}],"collection":[{"href":"https:\/\/totdecasa.fr\/index.php\/wp-json\/wp\/v2\/product"}],"about":[{"href":"https:\/\/totdecasa.fr\/index.php\/wp-json\/wp\/v2\/types\/product"}],"replies":[{"embeddable":true,"href":"https:\/\/totdecasa.fr\/index.php\/wp-json\/wp\/v2\/comments?post=207283"}],"wp:featuredmedia":[{"embeddable":true,"href":"https:\/\/totdecasa.fr\/index.php\/wp-json\/wp\/v2\/media\/208376"}],"wp:attachment":[{"href":"https:\/\/totdecasa.fr\/index.php\/wp-json\/wp\/v2\/media?parent=207283"}],"wp:term":[{"taxonomy":"product_brand","embeddable":true,"href":"https:\/\/totdecasa.fr\/index.php\/wp-json\/wp\/v2\/product_brand?post=207283"},{"taxonomy":"product_cat","embeddable":true,"href":"https:\/\/totdecasa.fr\/index.php\/wp-json\/wp\/v2\/product_cat?post=207283"},{"taxonomy":"product_tag","embeddable":true,"href":"https:\/\/totdecasa.fr\/index.php\/wp-json\/wp\/v2\/product_tag?post=207283"}],"curies":[{"name":"wp","href":"https:\/\/api.w.org\/{rel}","templated":true}]}}