{"id":207222,"date":"2018-05-17T11:26:52","date_gmt":"2018-05-17T09:26:52","guid":{"rendered":"http:\/\/totdecasa.fr\/?post_type=product&#038;p=207222"},"modified":"2020-09-23T11:32:05","modified_gmt":"2020-09-23T09:32:05","slug":"jurancon-moelleux-la-magendia-clos-lapeyre","status":"publish","type":"product","link":"https:\/\/totdecasa.fr\/index.php\/produit\/jurancon-moelleux-la-magendia-clos-lapeyre\/","title":{"rendered":"Juran\u00e7on Moelleux La Magendia &#8211; Clos Lapeyre"},"content":{"rendered":"<p>\u00ab\u00a0Pren\u00e8r la magendia\u00a0\u00bb signifie en occitan \u00ab\u00a0prendre les grappes qui portent le plus de grains passerill\u00e9s\u00a0\u00bb. <em>S\u00e9lectionn\u00e9s<\/em> en trois, voir quatre tries successives, les raisins sont press\u00e9s avec soin pour recueillir le nectar concentr\u00e9 que le passerillage leur conf\u00e8re. Ce vin, apr\u00e8s deux ann\u00e9es d\u2019\u00e9levage, successivement en f\u00fbt et en cuve, d\u00e9veloppe alors des ar\u00f4mes de fruits exotiques confits, de vanille le tout \u00e9quilibr\u00e9 par une note citronn\u00e9e. Un excellent cru, il se garde 15 ans sans probl\u00e8me et gagnera ainsi en sagesse.<\/p>\n<p>C\u00e9page : 100 % Petit Manseng.<\/p>\n<p>D\u00e9gustation : Nez riche, \u00e9pic\u00e9, avec du miel, des fruits exotiques confits, de la n\u00e8fle, de la vanille. Bouche suave, bien \u00e9quilibr\u00e9e par une acidit\u00e9 citronn\u00e9e. Jolie finale fra\u00eeche, tout en d\u00e9licatesse, marqu\u00e9e par de la min\u00e9ralit\u00e9. Vin tr\u00e8s \u00e9l\u00e9gant.<\/p>\n<p>Id\u00e9al avec un foie gras, un fromage d\u2019estive de brebis des Pyr\u00e9n\u00e9es, une andouille b\u00e9arnaise, un roquefort. C\u2019est aussi un grand vin de garde.<\/p>\n<p><em>L\u2019abus d\u2019alcool est dangereux pour la sant\u00e9.<\/em><\/p>\n","protected":false},"excerpt":{"rendered":"<p>\u00ab\u00a0Pren\u00e8r la magendia\u00a0\u00bb signifie en occitan \u00ab\u00a0prendre les grappes qui portent le plus de grains passerill\u00e9s\u00a0\u00bb. S\u00e9lectionn\u00e9s en trois, voir quatre tries successives, les raisins sont press\u00e9s avec soin pour recueillir le nectar concentr\u00e9 que le passerillage leur conf\u00e8re. Ce vin, apr\u00e8s deux ann\u00e9es d\u2019\u00e9levage, successivement en f\u00fbt et en cuve, d\u00e9veloppe alors des ar\u00f4mes [&hellip;]<\/p>\n","protected":false},"featured_media":206611,"comment_status":"open","ping_status":"closed","template":"","meta":{"_et_pb_use_builder":"","_et_pb_old_content":"","_et_gb_content_width":""},"product_brand":[],"product_cat":[25,77,59],"product_tag":[130],"class_list":{"0":"post-207222","1":"product","2":"type-product","3":"status-publish","4":"has-post-thumbnail","6":"product_cat-boissons","7":"product_cat-clos-lapeyre","8":"product_cat-vins-blancs-doux","9":"product_tag-clos-lapeyre","11":"first","12":"instock","13":"shipping-taxable","14":"product-type-simple"},"_links":{"self":[{"href":"https:\/\/totdecasa.fr\/index.php\/wp-json\/wp\/v2\/product\/207222","targetHints":{"allow":["GET"]}}],"collection":[{"href":"https:\/\/totdecasa.fr\/index.php\/wp-json\/wp\/v2\/product"}],"about":[{"href":"https:\/\/totdecasa.fr\/index.php\/wp-json\/wp\/v2\/types\/product"}],"replies":[{"embeddable":true,"href":"https:\/\/totdecasa.fr\/index.php\/wp-json\/wp\/v2\/comments?post=207222"}],"wp:featuredmedia":[{"embeddable":true,"href":"https:\/\/totdecasa.fr\/index.php\/wp-json\/wp\/v2\/media\/206611"}],"wp:attachment":[{"href":"https:\/\/totdecasa.fr\/index.php\/wp-json\/wp\/v2\/media?parent=207222"}],"wp:term":[{"taxonomy":"product_brand","embeddable":true,"href":"https:\/\/totdecasa.fr\/index.php\/wp-json\/wp\/v2\/product_brand?post=207222"},{"taxonomy":"product_cat","embeddable":true,"href":"https:\/\/totdecasa.fr\/index.php\/wp-json\/wp\/v2\/product_cat?post=207222"},{"taxonomy":"product_tag","embeddable":true,"href":"https:\/\/totdecasa.fr\/index.php\/wp-json\/wp\/v2\/product_tag?post=207222"}],"curies":[{"name":"wp","href":"https:\/\/api.w.org\/{rel}","templated":true}]}}