{"id":207217,"date":"2018-05-16T15:56:36","date_gmt":"2018-05-16T13:56:36","guid":{"rendered":"http:\/\/totdecasa.fr\/?post_type=product&#038;p=207217"},"modified":"2025-05-22T02:56:07","modified_gmt":"2025-05-22T00:56:07","slug":"jurancon-moelleux-grappe-dor-domaine-montesquiou","status":"publish","type":"product","link":"https:\/\/totdecasa.fr\/index.php\/produit\/jurancon-moelleux-grappe-dor-domaine-montesquiou\/","title":{"rendered":"Juran\u00e7on Moelleux Grappe d&rsquo;Or &#8211; Domaine Montesquiou"},"content":{"rendered":"<p>L\u2019\u0153uvre du temps : Grappe d&rsquo;Or est n\u00e9 d\u2019une r\u00e9colte tardive.<\/p>\n<p>C\u00e9page : 100% Petit Manseng vieilles vignes.<\/p>\n<p>D\u00e9gustation : le Petit Manseng r\u00e9colt\u00e9 \u00e0 l&rsquo;extr\u00eame de la surmaturit\u00e9 offre une palette complexe d&rsquo;agrumes confits, de miel, de n\u00e8fle et d&rsquo;abricot sec. LA bouche est le reflet de cette intensit\u00e9, \u00e9quilibr\u00e9e entre la caresse de la liqueur et une fra\u00eecheur incomparable qui conf\u00e8re \u00e0 ce vin une longueur exceptionnelle.<\/p>\n<p>Ap\u00e9ritif, foie gras, saumon fum\u00e9, fromage de brebis, ou simplement seul, pour en appr\u00e9cier toutes les fragrances.<\/p>\n<p><em>L\u2019abus d\u2019alcool est dangereux pour la sant\u00e9.<\/em><\/p>\n","protected":false},"excerpt":{"rendered":"<p>L\u2019\u0153uvre du temps : Grappe d&rsquo;Or est n\u00e9 d\u2019une r\u00e9colte tardive. C\u00e9page : 100% Petit Manseng vieilles vignes. D\u00e9gustation : le Petit Manseng r\u00e9colt\u00e9 \u00e0 l&rsquo;extr\u00eame de la surmaturit\u00e9 offre une palette complexe d&rsquo;agrumes confits, de miel, de n\u00e8fle et d&rsquo;abricot sec. LA bouche est le reflet de cette intensit\u00e9, \u00e9quilibr\u00e9e entre la caresse de [&hellip;]<\/p>\n","protected":false},"featured_media":206616,"comment_status":"open","ping_status":"closed","template":"","meta":{"_et_pb_use_builder":"","_et_pb_old_content":"","_et_gb_content_width":""},"product_brand":[],"product_cat":[25,75,59],"product_tag":[133],"class_list":{"0":"post-207217","1":"product","2":"type-product","3":"status-publish","4":"has-post-thumbnail","6":"product_cat-boissons","7":"product_cat-domaine-montesquiou","8":"product_cat-vins-blancs-doux","9":"product_tag-domaine-montesquiou-monein","11":"first","12":"instock","13":"shipping-taxable","14":"product-type-simple"},"_links":{"self":[{"href":"https:\/\/totdecasa.fr\/index.php\/wp-json\/wp\/v2\/product\/207217","targetHints":{"allow":["GET"]}}],"collection":[{"href":"https:\/\/totdecasa.fr\/index.php\/wp-json\/wp\/v2\/product"}],"about":[{"href":"https:\/\/totdecasa.fr\/index.php\/wp-json\/wp\/v2\/types\/product"}],"replies":[{"embeddable":true,"href":"https:\/\/totdecasa.fr\/index.php\/wp-json\/wp\/v2\/comments?post=207217"}],"wp:featuredmedia":[{"embeddable":true,"href":"https:\/\/totdecasa.fr\/index.php\/wp-json\/wp\/v2\/media\/206616"}],"wp:attachment":[{"href":"https:\/\/totdecasa.fr\/index.php\/wp-json\/wp\/v2\/media?parent=207217"}],"wp:term":[{"taxonomy":"product_brand","embeddable":true,"href":"https:\/\/totdecasa.fr\/index.php\/wp-json\/wp\/v2\/product_brand?post=207217"},{"taxonomy":"product_cat","embeddable":true,"href":"https:\/\/totdecasa.fr\/index.php\/wp-json\/wp\/v2\/product_cat?post=207217"},{"taxonomy":"product_tag","embeddable":true,"href":"https:\/\/totdecasa.fr\/index.php\/wp-json\/wp\/v2\/product_tag?post=207217"}],"curies":[{"name":"wp","href":"https:\/\/api.w.org\/{rel}","templated":true}]}}