{"id":207207,"date":"2018-05-09T16:47:08","date_gmt":"2018-05-09T14:47:08","guid":{"rendered":"http:\/\/totdecasa.fr\/?post_type=product&#038;p=207207"},"modified":"2021-08-02T13:17:23","modified_gmt":"2021-08-02T11:17:23","slug":"vin-rouge-du-bearn-domaine-nigri","status":"publish","type":"product","link":"https:\/\/totdecasa.fr\/index.php\/produit\/vin-rouge-du-bearn-domaine-nigri\/","title":{"rendered":"Vin Rouge du B\u00e9arn &#8211; Domaine Nigri"},"content":{"rendered":"<p>C\u00e9pages : 60% Tannat, 30% Cabernet Sauvignon, 10% Fer Servadou.<\/p>\n<p>Le Domaine Nigri a conserv\u00e9 dans son enc\u00e9pagement les c\u00e9pages de l&rsquo;AOC B\u00e9arn. Leur potentiel aromatique et gustatif permet d&rsquo;\u00e9laborer des vins structur\u00e9s tout en finesse. Il se d\u00e9couvre dans sa jeunesse et au fil des ann\u00e9es.<\/p>\n<p>D\u00e9gustation : l&rsquo;union des 3 c\u00e9pages donne \u00e0 ce vin des ar\u00f4mes tr\u00e8s complexes de fruits rouges, d&rsquo;\u00e9pices, avec des tanins soyeux et un caract\u00e8re harmonieux et charnu.<\/p>\n<p>Accompagne les viandes en sauce ou grill\u00e9es, les gibiers et les fromages.<\/p>\n<p>Conservation : peut se garder 5 \u00e0 10 ans.<\/p>\n<p><em>L\u2019abus d\u2019alcool est dangereux pour la sant\u00e9.<\/em><\/p>\n<p><em>\u00a0<\/em><\/p>\n","protected":false},"excerpt":{"rendered":"<p>C\u00e9pages : 60% Tannat, 30% Cabernet Sauvignon, 10% Fer Servadou. Le Domaine Nigri a conserv\u00e9 dans son enc\u00e9pagement les c\u00e9pages de l&rsquo;AOC B\u00e9arn. Leur potentiel aromatique et gustatif permet d&rsquo;\u00e9laborer des vins structur\u00e9s tout en finesse. Il se d\u00e9couvre dans sa jeunesse et au fil des ann\u00e9es. D\u00e9gustation : l&rsquo;union des 3 c\u00e9pages donne \u00e0 [&hellip;]<\/p>\n","protected":false},"featured_media":206612,"comment_status":"open","ping_status":"closed","template":"","meta":{"_et_pb_use_builder":"","_et_pb_old_content":"","_et_gb_content_width":""},"product_brand":[],"product_cat":[25,93,57],"product_tag":[146],"class_list":{"0":"post-207207","1":"product","2":"type-product","3":"status-publish","4":"has-post-thumbnail","6":"product_cat-boissons","7":"product_cat-domaine-nigri","8":"product_cat-vins-rouges","9":"product_tag-domaine-nigri-monein","11":"first","12":"instock","13":"shipping-taxable","14":"product-type-simple"},"_links":{"self":[{"href":"https:\/\/totdecasa.fr\/index.php\/wp-json\/wp\/v2\/product\/207207","targetHints":{"allow":["GET"]}}],"collection":[{"href":"https:\/\/totdecasa.fr\/index.php\/wp-json\/wp\/v2\/product"}],"about":[{"href":"https:\/\/totdecasa.fr\/index.php\/wp-json\/wp\/v2\/types\/product"}],"replies":[{"embeddable":true,"href":"https:\/\/totdecasa.fr\/index.php\/wp-json\/wp\/v2\/comments?post=207207"}],"wp:featuredmedia":[{"embeddable":true,"href":"https:\/\/totdecasa.fr\/index.php\/wp-json\/wp\/v2\/media\/206612"}],"wp:attachment":[{"href":"https:\/\/totdecasa.fr\/index.php\/wp-json\/wp\/v2\/media?parent=207207"}],"wp:term":[{"taxonomy":"product_brand","embeddable":true,"href":"https:\/\/totdecasa.fr\/index.php\/wp-json\/wp\/v2\/product_brand?post=207207"},{"taxonomy":"product_cat","embeddable":true,"href":"https:\/\/totdecasa.fr\/index.php\/wp-json\/wp\/v2\/product_cat?post=207207"},{"taxonomy":"product_tag","embeddable":true,"href":"https:\/\/totdecasa.fr\/index.php\/wp-json\/wp\/v2\/product_tag?post=207207"}],"curies":[{"name":"wp","href":"https:\/\/api.w.org\/{rel}","templated":true}]}}