{"id":207204,"date":"2018-05-09T16:31:33","date_gmt":"2018-05-09T14:31:33","guid":{"rendered":"http:\/\/totdecasa.fr\/?post_type=product&#038;p=207204"},"modified":"2020-09-23T11:32:31","modified_gmt":"2020-09-23T09:32:31","slug":"jurancon-moelleux-amistat","status":"publish","type":"product","link":"https:\/\/totdecasa.fr\/index.php\/produit\/jurancon-moelleux-amistat\/","title":{"rendered":"Juran\u00e7on Moelleux Amistat &#8211; Domaine Montesquiou"},"content":{"rendered":"<p>L&rsquo;Amistat : le sortil\u00e8ge s\u00e9duisant du fruit.<\/p>\n<p>C\u00e9pages : Gros Manseng et Petit Manseng<\/p>\n<p>D\u00e9gustation : son \u00e9quilibre en douceur et vivacit\u00e9, m\u00e9langeant la p\u00eache jaune, l&rsquo;abricot et les fruits exotiques, en fait un vin s\u00e9duisant, a\u00e9rien et min\u00e9ral.<\/p>\n<p>Conservation : 5 \u00e0 7 ans. Se boit g\u00e9n\u00e9ralement jeune sur l&rsquo;expression du fruit.<\/p>\n<p><em>L\u2019abus d\u2019alcool est dangereux pour la sant\u00e9.<\/em><\/p>\n","protected":false},"excerpt":{"rendered":"<p>L&rsquo;Amistat : le sortil\u00e8ge s\u00e9duisant du fruit. C\u00e9pages : Gros Manseng et Petit Manseng D\u00e9gustation : son \u00e9quilibre en douceur et vivacit\u00e9, m\u00e9langeant la p\u00eache jaune, l&rsquo;abricot et les fruits exotiques, en fait un vin s\u00e9duisant, a\u00e9rien et min\u00e9ral. Conservation : 5 \u00e0 7 ans. Se boit g\u00e9n\u00e9ralement jeune sur l&rsquo;expression du fruit. L\u2019abus d\u2019alcool [&hellip;]<\/p>\n","protected":false},"featured_media":206614,"comment_status":"open","ping_status":"closed","template":"","meta":{"_et_pb_use_builder":"","_et_pb_old_content":"","_et_gb_content_width":""},"product_brand":[],"product_cat":[25,75,59],"product_tag":[133],"class_list":{"0":"post-207204","1":"product","2":"type-product","3":"status-publish","4":"has-post-thumbnail","6":"product_cat-boissons","7":"product_cat-domaine-montesquiou","8":"product_cat-vins-blancs-doux","9":"product_tag-domaine-montesquiou-monein","11":"first","12":"instock","13":"shipping-taxable","14":"product-type-simple"},"_links":{"self":[{"href":"https:\/\/totdecasa.fr\/index.php\/wp-json\/wp\/v2\/product\/207204","targetHints":{"allow":["GET"]}}],"collection":[{"href":"https:\/\/totdecasa.fr\/index.php\/wp-json\/wp\/v2\/product"}],"about":[{"href":"https:\/\/totdecasa.fr\/index.php\/wp-json\/wp\/v2\/types\/product"}],"replies":[{"embeddable":true,"href":"https:\/\/totdecasa.fr\/index.php\/wp-json\/wp\/v2\/comments?post=207204"}],"wp:featuredmedia":[{"embeddable":true,"href":"https:\/\/totdecasa.fr\/index.php\/wp-json\/wp\/v2\/media\/206614"}],"wp:attachment":[{"href":"https:\/\/totdecasa.fr\/index.php\/wp-json\/wp\/v2\/media?parent=207204"}],"wp:term":[{"taxonomy":"product_brand","embeddable":true,"href":"https:\/\/totdecasa.fr\/index.php\/wp-json\/wp\/v2\/product_brand?post=207204"},{"taxonomy":"product_cat","embeddable":true,"href":"https:\/\/totdecasa.fr\/index.php\/wp-json\/wp\/v2\/product_cat?post=207204"},{"taxonomy":"product_tag","embeddable":true,"href":"https:\/\/totdecasa.fr\/index.php\/wp-json\/wp\/v2\/product_tag?post=207204"}],"curies":[{"name":"wp","href":"https:\/\/api.w.org\/{rel}","templated":true}]}}