{"id":207200,"date":"2018-05-09T16:15:06","date_gmt":"2018-05-09T14:15:06","guid":{"rendered":"http:\/\/totdecasa.fr\/?post_type=product&#038;p=207200"},"modified":"2021-02-12T11:48:48","modified_gmt":"2021-02-12T10:48:48","slug":"jurancon-sec","status":"publish","type":"product","link":"https:\/\/totdecasa.fr\/index.php\/produit\/jurancon-sec\/","title":{"rendered":"Juran\u00e7on Sec &#8211; Clos Labr\u00e9e"},"content":{"rendered":"<p>Issu d&rsquo;un assemblage de 30% de Gros Manseng, 30% de Petit Manseng et 30% de Courbu qui lui apporte sa fra\u00eecheur.<\/p>\n<p>D\u00e9gustation : Nez ouvert sur des notes de mangue et de noisette. En bouche, belle structure concentr\u00e9e, des notes menthol\u00e9es et grill\u00e9es avec une longue finale tr\u00e8s onctueuse et enrob\u00e9e. Tr\u00e8s beau vin de gastronomie.<\/p>\n<p>Conservation : garde de 5ans, d\u00e9gustation, optimale \u00e0 2 ans.<\/p>\n<p><em>L\u2019abus d\u2019alcool est dangereux pour la sant\u00e9.<br \/>\n<\/em><\/p>\n","protected":false},"excerpt":{"rendered":"<p>Issu d&rsquo;un assemblage de 30% de Gros Manseng, 30% de Petit Manseng et 30% de Courbu qui lui apporte sa fra\u00eecheur. D\u00e9gustation : Nez ouvert sur des notes de mangue et de noisette. En bouche, belle structure concentr\u00e9e, des notes menthol\u00e9es et grill\u00e9es avec une longue finale tr\u00e8s onctueuse et enrob\u00e9e. Tr\u00e8s beau vin de [&hellip;]<\/p>\n","protected":false},"featured_media":207685,"comment_status":"open","ping_status":"closed","template":"","meta":{"_et_pb_use_builder":"","_et_pb_old_content":"","_et_gb_content_width":""},"product_brand":[],"product_cat":[25,79,58],"product_tag":[129],"class_list":{"0":"post-207200","1":"product","2":"type-product","3":"status-publish","4":"has-post-thumbnail","6":"product_cat-boissons","7":"product_cat-clos-labree","8":"product_cat-vins-blancs-secs","9":"product_tag-clos-labree","11":"first","12":"instock","13":"shipping-taxable","14":"product-type-simple"},"_links":{"self":[{"href":"https:\/\/totdecasa.fr\/index.php\/wp-json\/wp\/v2\/product\/207200","targetHints":{"allow":["GET"]}}],"collection":[{"href":"https:\/\/totdecasa.fr\/index.php\/wp-json\/wp\/v2\/product"}],"about":[{"href":"https:\/\/totdecasa.fr\/index.php\/wp-json\/wp\/v2\/types\/product"}],"replies":[{"embeddable":true,"href":"https:\/\/totdecasa.fr\/index.php\/wp-json\/wp\/v2\/comments?post=207200"}],"wp:featuredmedia":[{"embeddable":true,"href":"https:\/\/totdecasa.fr\/index.php\/wp-json\/wp\/v2\/media\/207685"}],"wp:attachment":[{"href":"https:\/\/totdecasa.fr\/index.php\/wp-json\/wp\/v2\/media?parent=207200"}],"wp:term":[{"taxonomy":"product_brand","embeddable":true,"href":"https:\/\/totdecasa.fr\/index.php\/wp-json\/wp\/v2\/product_brand?post=207200"},{"taxonomy":"product_cat","embeddable":true,"href":"https:\/\/totdecasa.fr\/index.php\/wp-json\/wp\/v2\/product_cat?post=207200"},{"taxonomy":"product_tag","embeddable":true,"href":"https:\/\/totdecasa.fr\/index.php\/wp-json\/wp\/v2\/product_tag?post=207200"}],"curies":[{"name":"wp","href":"https:\/\/api.w.org\/{rel}","templated":true}]}}