{"id":207017,"date":"2018-02-28T17:05:08","date_gmt":"2018-02-28T16:05:08","guid":{"rendered":"http:\/\/totdecasa.fr\/?post_type=product&#038;p=207017"},"modified":"2020-10-23T18:39:50","modified_gmt":"2020-10-23T16:39:50","slug":"savon-de-douche-1l","status":"publish","type":"product","link":"https:\/\/totdecasa.fr\/index.php\/produit\/savon-de-douche-1l\/","title":{"rendered":"Savon de douche 1L"},"content":{"rendered":"<p>Nich\u00e9s au c\u0153ur du hameau des Eaux-Chaudes en vall\u00e9e d&rsquo;Ossau, H\u00e9l\u00e8ne et Mathias fabriquent des savons \u00e0 base d&rsquo;huiles v\u00e9g\u00e9tales bio, et locales, autant que possible. La saponification \u00e0 froid est un proc\u00e9d\u00e9 \u00e9cologique qui donne un vrai savon artisanal sans aucun rejet dans l&rsquo;environnement et sans additif de synth\u00e8se. Il permet \u00e9galement de conserver les propri\u00e9t\u00e9s bienfaisantes des huiles v\u00e9g\u00e9tales et la glyc\u00e9rine naturelle hydratante g\u00e9n\u00e9r\u00e9e lors du processus.<\/p>\n<p>Savons liquides fabriqu\u00e9s \u00e0 partir d&rsquo;huiles d&rsquo;olive, de coco et de tournesol bio, sans colorant ni conservateurs. Mention <em>Nature &amp; Progr\u00e8s<\/em>.<\/p>\n<ul>\n<li><strong>Nature :<\/strong> sans rien d&rsquo;autre !<\/li>\n<li><strong>\u00c2nesse :<\/strong> au lait d\u2019\u00e2nesse et \u00e0 l&rsquo;amande douce<\/li>\n<li><strong>Lavande et tea tree :<\/strong> aux huiles essentielles de lavandin et d&rsquo;arbre \u00e0 th\u00e9<\/li>\n<li><strong>Orange et petit grain :<\/strong> aux huiles essentielles d&rsquo;orange et de petit grain bigarade<\/li>\n<li><strong>Verveine :<\/strong> \u00e0 l&rsquo;huile essentielle de verveine citronn\u00e9e<\/li>\n<\/ul>\n<p>Contenance : 1L<\/p>\n<p>Ingr\u00e9dients : <em>Aqua (Water), Potassium Olivate, Sodium Sunflowerseedate, Potassium Cocoate, Sodium Chloride, Glycerin*, Essential oils and natural perfume** \/ Prunus amygdalus kernel oil, donkey milk***<\/em><\/p>\n<p>* Nature<\/p>\n<p>** Parfum\u00e9s<\/p>\n<p>*** Lait d\u2019\u00e2nesse et amande douce<\/p>\n","protected":false},"excerpt":{"rendered":"<p>Nich\u00e9s au c\u0153ur du hameau des Eaux-Chaudes en vall\u00e9e d&rsquo;Ossau, H\u00e9l\u00e8ne et Mathias fabriquent des savons \u00e0 base d&rsquo;huiles v\u00e9g\u00e9tales bio, et locales, autant que possible. La saponification \u00e0 froid est un proc\u00e9d\u00e9 \u00e9cologique qui donne un vrai savon artisanal sans aucun rejet dans l&rsquo;environnement et sans additif de synth\u00e8se. Il permet \u00e9galement de conserver [&hellip;]<\/p>\n","protected":false},"featured_media":207915,"comment_status":"open","ping_status":"closed","template":"","meta":{"_et_pb_use_builder":"","_et_pb_old_content":"","_et_gb_content_width":""},"product_brand":[],"product_cat":[26,160,108],"product_tag":[154],"class_list":{"0":"post-207017","1":"product","2":"type-product","3":"status-publish","4":"has-post-thumbnail","6":"product_cat-bien-etre","7":"product_cat-hygiene-du-corps","8":"product_cat-savonneries-des-eaux-chaudes","9":"product_tag-savonnerie-des-eaux-chaudes-laruns","11":"first","12":"instock","13":"shipping-taxable","14":"product-type-variable"},"_links":{"self":[{"href":"https:\/\/totdecasa.fr\/index.php\/wp-json\/wp\/v2\/product\/207017","targetHints":{"allow":["GET"]}}],"collection":[{"href":"https:\/\/totdecasa.fr\/index.php\/wp-json\/wp\/v2\/product"}],"about":[{"href":"https:\/\/totdecasa.fr\/index.php\/wp-json\/wp\/v2\/types\/product"}],"replies":[{"embeddable":true,"href":"https:\/\/totdecasa.fr\/index.php\/wp-json\/wp\/v2\/comments?post=207017"}],"wp:featuredmedia":[{"embeddable":true,"href":"https:\/\/totdecasa.fr\/index.php\/wp-json\/wp\/v2\/media\/207915"}],"wp:attachment":[{"href":"https:\/\/totdecasa.fr\/index.php\/wp-json\/wp\/v2\/media?parent=207017"}],"wp:term":[{"taxonomy":"product_brand","embeddable":true,"href":"https:\/\/totdecasa.fr\/index.php\/wp-json\/wp\/v2\/product_brand?post=207017"},{"taxonomy":"product_cat","embeddable":true,"href":"https:\/\/totdecasa.fr\/index.php\/wp-json\/wp\/v2\/product_cat?post=207017"},{"taxonomy":"product_tag","embeddable":true,"href":"https:\/\/totdecasa.fr\/index.php\/wp-json\/wp\/v2\/product_tag?post=207017"}],"curies":[{"name":"wp","href":"https:\/\/api.w.org\/{rel}","templated":true}]}}