{"id":206932,"date":"2018-02-25T10:33:10","date_gmt":"2018-02-25T09:33:10","guid":{"rendered":"http:\/\/totdecasa.fr\/?post_type=product&#038;p=206932"},"modified":"2024-11-10T04:35:15","modified_gmt":"2024-11-10T03:35:15","slug":"savon-naturel","status":"publish","type":"product","link":"https:\/\/totdecasa.fr\/index.php\/produit\/savon-naturel\/","title":{"rendered":"Savon naturel"},"content":{"rendered":"<p>Nich\u00e9s au c\u0153ur du hameau des Eaux-Chaudes en vall\u00e9e d&rsquo;Ossau, H\u00e9l\u00e8ne et Mathias fabriquent des savons \u00e0 base d&rsquo;huiles v\u00e9g\u00e9tales bio, et locales, autant que possible. La saponification \u00e0 froid est un proc\u00e9d\u00e9 \u00e9cologique qui donne un vrai savon artisanal sans aucun rejet dans l&rsquo;environnement et sans additif de synth\u00e8se. Il permet \u00e9galement de conserver les propri\u00e9t\u00e9s bienfaisantes des huiles v\u00e9g\u00e9tales et la glyc\u00e9rine naturelle hydratante g\u00e9n\u00e9r\u00e9e lors du processus.<\/p>\n<p>Savons naturels surgras, sans huile de palme et sans conservateurs. Mention <em>Nature &amp; Progr\u00e8s<\/em>.<\/p>\n<ul>\n<li><strong>L&rsquo;original :<\/strong> au lait nourrissant de brebis, au patchouli r\u00e9g\u00e9n\u00e9rant. Visage et corps. Id\u00e9alement adapt\u00e9 aux peaux s\u00e8ches. <em>Savons surgras (5%) \u00e0 l&rsquo;huile d&rsquo;olive et l&rsquo;huile de coco bio, glyc\u00e9rine v\u00e9g\u00e9tale, eau, huiles essentielles (dont patchouli) lait de brebis et argile rouge.<\/em><\/li>\n<li><strong>Le purifiant :<\/strong> \u00e0 l&rsquo;extrait de bardane connu pour traiter les affections de la peau et aux huiles essentielles de lavande et d&rsquo;arbre \u00e0 th\u00e9 antibact\u00e9riennes et calmantes. Visage et corps. Id\u00e9alement adapt\u00e9 aux peaux \u00e0 probl\u00e8mes. <em>Savons surgras (5%) \u00e0 l&rsquo;huile d&rsquo;olive et l&rsquo;huile de coco bio, glyc\u00e9rine v\u00e9g\u00e9tale, eau.<\/em><\/li>\n<li><strong>Le tout rose :<\/strong> au palmarosa, doux parfum fleuri l\u00e9g\u00e8rement citronn\u00e9 et teint\u00e9 \u00e0 la racine de garance. Visage et corps. Peaux normales. <em>Savons surgras (5%) \u00e0 l&rsquo;huile d&rsquo;olive et l&rsquo;huile de coco bio, glyc\u00e9rine v\u00e9g\u00e9tale, eau.<\/em><\/li>\n<li><strong>Calmendula :<\/strong> au lait nourrissant de brebis et \u00e0 l&rsquo;extrait huileux de calendula calmant. Savon sans parfum ni allerg\u00e8nes. Visage et corps. Id\u00e9alement adapt\u00e9 aux peaux tr\u00e8s sensibles et aux femmes enceintes (b\u00e9b\u00e9, ecz\u00e9ma&#8230;). <em>Savons surgras (5%) \u00e0 l&rsquo;huile d&rsquo;olive et l&rsquo;huile de coco bio, glyc\u00e9rine v\u00e9g\u00e9tale, eau.<\/em><\/li>\n<li><strong>Le stimulant :<\/strong> \u00e0 l&rsquo;eau thermale bienfaisante, \u00e0 l&rsquo;argile bleue et aux huiles essentielles stimulantes de romarin et cicatrisantes de la lavande aspic. Visage et corps. Peaux normales. <em>Savons surgras (5%) \u00e0 l&rsquo;huile d&rsquo;olive et l&rsquo;huile de coco bio, glyc\u00e9rine v\u00e9g\u00e9tale, eau.<\/em><\/li>\n<li><strong>Le tout vert :<\/strong> \u00e0 l&rsquo;argile verte purifiante, \u00e0 l&rsquo;huile essentielle de c\u00e8dre cicatrisante et astringente, et \u00e0 l&rsquo;huile essentielle de sauge sclar\u00e9e, r\u00e9gulatrice de s\u00e9bum. Visage et corps. Id\u00e9alement adapt\u00e9 aux peaux grasses \u00e0 probl\u00e8mes. <em>Savons surgras (5%) \u00e0 l&rsquo;huile d&rsquo;olive et l&rsquo;huile de coco bio, glyc\u00e9rine v\u00e9g\u00e9tale, eau.<\/em><\/li>\n<li><strong>Le tout doux :<\/strong> aux laits d\u2019\u00e2nesse et de jument nourrissants. Savon sans parfum ni allerg\u00e8nes. Id\u00e9alement adapt\u00e9 aux peaux tr\u00e8s sensibles et aux femmes enceintes (b\u00e9b\u00e9, ecz\u00e9ma&#8230;). <em>Savons surgras (5%) \u00e0 l&rsquo;huile d&rsquo;olive et l&rsquo;huile de coco bio, glyc\u00e9rine v\u00e9g\u00e9tale, eau.<\/em><\/li>\n<li><strong>Le bienfaisant :<\/strong> au lait nourrissant de brebis, aux huiles essentielles de lavande et d&rsquo;arbre \u00e0 th\u00e9 antibact\u00e9riennes et clamantes. Excellent savon de rasage. Visage et corps. Id\u00e9alement adapt\u00e9 aux peaux s\u00e8ches. <em>Savons surgras (5%) \u00e0 l&rsquo;huile d&rsquo;olive et l&rsquo;huile de coco bio, glyc\u00e9rine v\u00e9g\u00e9tale, eau.<\/em><\/li>\n<li><strong>Le cuisinier :<\/strong> \u00e0 la poudre de caf\u00e9 anti-odeur et exfoliante et aux huiles essentielles relaxantes et antibact\u00e9riennes de c\u00e8dre et de petit grain. Mains et corps. Peaux normales \u00e0 mixtes. <em>Savons surgras (5%) \u00e0 l&rsquo;huile d&rsquo;olive et l&rsquo;huile de coco bio, glyc\u00e9rine v\u00e9g\u00e9tale, eau.<\/em><\/li>\n<li><strong>L&rsquo;aloe :<\/strong> \u00e0 l&rsquo;eau thermale bienfaisante, \u00e0 l&rsquo;huile essentielle d verveine exotique relaxante, et \u00e0 l&rsquo;Aloe vera. Visage et corps. Peaux normales. <em>Savons surgras (5%) \u00e0 l&rsquo;huile d&rsquo;olive et l&rsquo;huile de coco bio, glyc\u00e9rine v\u00e9g\u00e9tale, eau.<\/em><\/li>\n<li><strong>Le gourmand :<\/strong> au lait nourrissant de brebis et au miel hydratant et cicatrisant. Visage et corps. Id\u00e9alement adapt\u00e9 aux peaux s\u00e8ches. <em>Savons surgras (5%) \u00e0 l&rsquo;huile d&rsquo;olive et l&rsquo;huile de coco bio, glyc\u00e9rine v\u00e9g\u00e9tale, eau.<\/em><\/li>\n<li><strong>L&rsquo;argan :<\/strong> \u00e0 l&rsquo;eau thermale, \u00e0 l&rsquo;eau de fleur d&rsquo;oranger et \u00e0 l&rsquo;huile d&rsquo;argan bienfaisantes. Visages et corps. Peaux normales \u00e0 s\u00e8ches. <em>Savons surgras (5%) \u00e0 l&rsquo;huile d&rsquo;olive et l&rsquo;huile de coco bio, glyc\u00e9rine v\u00e9g\u00e9tale, eau.<\/em><\/li>\n<\/ul>\n","protected":false},"excerpt":{"rendered":"<p>Nich\u00e9s au c\u0153ur du hameau des Eaux-Chaudes en vall\u00e9e d&rsquo;Ossau, H\u00e9l\u00e8ne et Mathias fabriquent des savons \u00e0 base d&rsquo;huiles v\u00e9g\u00e9tales bio, et locales, autant que possible. La saponification \u00e0 froid est un proc\u00e9d\u00e9 \u00e9cologique qui donne un vrai savon artisanal sans aucun rejet dans l&rsquo;environnement et sans additif de synth\u00e8se. Il permet \u00e9galement de conserver [&hellip;]<\/p>\n","protected":false},"featured_media":206619,"comment_status":"open","ping_status":"closed","template":"","meta":{"_et_pb_use_builder":"","_et_pb_old_content":"","_et_gb_content_width":""},"product_brand":[],"product_cat":[26,160,108],"product_tag":[154],"class_list":{"0":"post-206932","1":"product","2":"type-product","3":"status-publish","4":"has-post-thumbnail","6":"product_cat-bien-etre","7":"product_cat-hygiene-du-corps","8":"product_cat-savonneries-des-eaux-chaudes","9":"product_tag-savonnerie-des-eaux-chaudes-laruns","11":"first","12":"instock","13":"shipping-taxable","14":"product-type-variable"},"_links":{"self":[{"href":"https:\/\/totdecasa.fr\/index.php\/wp-json\/wp\/v2\/product\/206932","targetHints":{"allow":["GET"]}}],"collection":[{"href":"https:\/\/totdecasa.fr\/index.php\/wp-json\/wp\/v2\/product"}],"about":[{"href":"https:\/\/totdecasa.fr\/index.php\/wp-json\/wp\/v2\/types\/product"}],"replies":[{"embeddable":true,"href":"https:\/\/totdecasa.fr\/index.php\/wp-json\/wp\/v2\/comments?post=206932"}],"wp:featuredmedia":[{"embeddable":true,"href":"https:\/\/totdecasa.fr\/index.php\/wp-json\/wp\/v2\/media\/206619"}],"wp:attachment":[{"href":"https:\/\/totdecasa.fr\/index.php\/wp-json\/wp\/v2\/media?parent=206932"}],"wp:term":[{"taxonomy":"product_brand","embeddable":true,"href":"https:\/\/totdecasa.fr\/index.php\/wp-json\/wp\/v2\/product_brand?post=206932"},{"taxonomy":"product_cat","embeddable":true,"href":"https:\/\/totdecasa.fr\/index.php\/wp-json\/wp\/v2\/product_cat?post=206932"},{"taxonomy":"product_tag","embeddable":true,"href":"https:\/\/totdecasa.fr\/index.php\/wp-json\/wp\/v2\/product_tag?post=206932"}],"curies":[{"name":"wp","href":"https:\/\/api.w.org\/{rel}","templated":true}]}}