{"id":206483,"date":"2018-02-22T13:28:55","date_gmt":"2018-02-22T12:28:55","guid":{"rendered":"http:\/\/totdecasa.fr\/?post_type=product&#038;p=206483"},"modified":"2021-09-16T11:52:50","modified_gmt":"2021-09-16T09:52:50","slug":"potimarron","status":"publish","type":"product","link":"https:\/\/totdecasa.fr\/index.php\/produit\/potimarron\/","title":{"rendered":"Potimarron"},"content":{"rendered":"<p>Le potimarron est une courge multifonction, en soupe, en gratin, en frite ou po\u00eal\u00e9e sa chair l\u00e9g\u00e8rement farineuse r\u00e9v\u00e8le sont petit go\u00fbt de ch\u00e2taigne pour le plus grand plaisir de nos papilles. On peut aussi s&rsquo;en servir comme base de moelleux au chocolat, d\u00e9-li-cieux!<\/p>\n","protected":false},"excerpt":{"rendered":"<p>Le potimarron est une courge multifonction, en soupe, en gratin, en frite ou po\u00eal\u00e9e sa chair l\u00e9g\u00e8rement farineuse r\u00e9v\u00e8le sont petit go\u00fbt de ch\u00e2taigne pour le plus grand plaisir de nos papilles.<\/p>\n","protected":false},"featured_media":206931,"comment_status":"open","ping_status":"closed","template":"","meta":{"_et_pb_use_builder":"","_et_pb_old_content":"","_et_gb_content_width":""},"product_brand":[],"product_cat":[17,82],"product_tag":[131,165],"class_list":{"0":"post-206483","1":"product","2":"type-product","3":"status-publish","4":"has-post-thumbnail","6":"product_cat-fruits-legumes","7":"product_cat-les-maraichers","8":"product_tag-les-maraichers-gaec-pietometi-ogeu-et-david-laffaille-saucede","9":"product_tag-produit-certifie-agriculture-biologique","11":"first","12":"instock","13":"shipping-taxable","14":"product-type-simple"},"_links":{"self":[{"href":"https:\/\/totdecasa.fr\/index.php\/wp-json\/wp\/v2\/product\/206483","targetHints":{"allow":["GET"]}}],"collection":[{"href":"https:\/\/totdecasa.fr\/index.php\/wp-json\/wp\/v2\/product"}],"about":[{"href":"https:\/\/totdecasa.fr\/index.php\/wp-json\/wp\/v2\/types\/product"}],"replies":[{"embeddable":true,"href":"https:\/\/totdecasa.fr\/index.php\/wp-json\/wp\/v2\/comments?post=206483"}],"wp:featuredmedia":[{"embeddable":true,"href":"https:\/\/totdecasa.fr\/index.php\/wp-json\/wp\/v2\/media\/206931"}],"wp:attachment":[{"href":"https:\/\/totdecasa.fr\/index.php\/wp-json\/wp\/v2\/media?parent=206483"}],"wp:term":[{"taxonomy":"product_brand","embeddable":true,"href":"https:\/\/totdecasa.fr\/index.php\/wp-json\/wp\/v2\/product_brand?post=206483"},{"taxonomy":"product_cat","embeddable":true,"href":"https:\/\/totdecasa.fr\/index.php\/wp-json\/wp\/v2\/product_cat?post=206483"},{"taxonomy":"product_tag","embeddable":true,"href":"https:\/\/totdecasa.fr\/index.php\/wp-json\/wp\/v2\/product_tag?post=206483"}],"curies":[{"name":"wp","href":"https:\/\/api.w.org\/{rel}","templated":true}]}}