{"id":206272,"date":"2018-02-16T17:00:59","date_gmt":"2018-02-16T16:00:59","guid":{"rendered":"http:\/\/totdecasa.fr\/?post_type=product&#038;p=206272"},"modified":"2021-02-05T18:32:45","modified_gmt":"2021-02-05T17:32:45","slug":"longe-confite","status":"publish","type":"product","link":"https:\/\/totdecasa.fr\/index.php\/produit\/longe-confite\/","title":{"rendered":"Longe de porc confite"},"content":{"rendered":"<p>La longe confite de porc est un morceau noble de longe dans le filet longuement confite dans la graisse parfum\u00e9e par l&rsquo;ail et le poivre noir. Elle peut se manger chaude ou froide selon votre convenance. Les porcs (race Duroc) sont \u00e9lev\u00e9s en plein air et essentiellement nourris avec les c\u00e9r\u00e9ales et fourrages produits sur l\u2019exploitation.<\/p>\n<p>Ingr\u00e9dients: longe et graisse de porc, assaisonnements et ail.<\/p>\n<p>Poids net: 300g ou 550g<\/p>\n","protected":false},"excerpt":{"rendered":"<p>La longe confite de porc est un morceau noble de longe dans le filet longuement confite dans la graisse parfum\u00e9e par l&rsquo;ail et le poivre noir. Elle peut se manger chaude ou froide selon votre convenance. Les porcs (race Duroc) sont \u00e9lev\u00e9s en plein air et essentiellement nourris avec les c\u00e9r\u00e9ales et fourrages produits sur [&hellip;]<\/p>\n","protected":false},"featured_media":206275,"comment_status":"open","ping_status":"closed","template":"","meta":{"_et_pb_use_builder":"","_et_pb_old_content":"","_et_gb_content_width":""},"product_brand":[],"product_cat":[50,22,86],"product_tag":[128],"class_list":{"0":"post-206272","1":"product","2":"type-product","3":"status-publish","4":"has-post-thumbnail","6":"product_cat-confits","7":"product_cat-conserves-fines","8":"product_cat-la-ferme-du-claus","9":"product_tag-ferme-du-claus","11":"first","12":"outofstock","13":"shipping-taxable","14":"product-type-variable"},"_links":{"self":[{"href":"https:\/\/totdecasa.fr\/index.php\/wp-json\/wp\/v2\/product\/206272","targetHints":{"allow":["GET"]}}],"collection":[{"href":"https:\/\/totdecasa.fr\/index.php\/wp-json\/wp\/v2\/product"}],"about":[{"href":"https:\/\/totdecasa.fr\/index.php\/wp-json\/wp\/v2\/types\/product"}],"replies":[{"embeddable":true,"href":"https:\/\/totdecasa.fr\/index.php\/wp-json\/wp\/v2\/comments?post=206272"}],"wp:featuredmedia":[{"embeddable":true,"href":"https:\/\/totdecasa.fr\/index.php\/wp-json\/wp\/v2\/media\/206275"}],"wp:attachment":[{"href":"https:\/\/totdecasa.fr\/index.php\/wp-json\/wp\/v2\/media?parent=206272"}],"wp:term":[{"taxonomy":"product_brand","embeddable":true,"href":"https:\/\/totdecasa.fr\/index.php\/wp-json\/wp\/v2\/product_brand?post=206272"},{"taxonomy":"product_cat","embeddable":true,"href":"https:\/\/totdecasa.fr\/index.php\/wp-json\/wp\/v2\/product_cat?post=206272"},{"taxonomy":"product_tag","embeddable":true,"href":"https:\/\/totdecasa.fr\/index.php\/wp-json\/wp\/v2\/product_tag?post=206272"}],"curies":[{"name":"wp","href":"https:\/\/api.w.org\/{rel}","templated":true}]}}