{"id":206269,"date":"2018-02-16T15:34:35","date_gmt":"2018-02-16T14:34:35","guid":{"rendered":"http:\/\/totdecasa.fr\/?post_type=product&#038;p=206269"},"modified":"2025-03-29T12:00:49","modified_gmt":"2025-03-29T11:00:49","slug":"hure-190g","status":"publish","type":"product","link":"https:\/\/totdecasa.fr\/index.php\/produit\/hure-190g\/","title":{"rendered":"Hure"},"content":{"rendered":"<p>La Hure ou p\u00e2t\u00e9 de t\u00eate est un p\u00e2t\u00e9 riche en go\u00fbt et en caract\u00e8re, il saura satisfaire les amateurs de saveur bien typ\u00e9es! Les porcs (race Duroc) sont \u00e9lev\u00e9s en plein air et essentiellement nourris avec les c\u00e9r\u00e9ales et fourrages produits sur l\u2019exploitation.<\/p>\n<p>Ingr\u00e9dients: t\u00eate de porc, assaisonnements, eau, nitrite de sodium.<\/p>\n<p>Poids net: 190g<\/p>\n","protected":false},"excerpt":{"rendered":"<p>La Hure ou p\u00e2t\u00e9 de t\u00eate est un p\u00e2t\u00e9 riche en go\u00fbt et en caract\u00e8re.<\/p>\n","protected":false},"featured_media":206271,"comment_status":"open","ping_status":"closed","template":"","meta":{"_et_pb_use_builder":"","_et_pb_old_content":"","_et_gb_content_width":""},"product_brand":[],"product_cat":[22,86,54],"product_tag":[128],"class_list":{"0":"post-206269","1":"product","2":"type-product","3":"status-publish","4":"has-post-thumbnail","6":"product_cat-conserves-fines","7":"product_cat-la-ferme-du-claus","8":"product_cat-pates-rillettes","9":"product_tag-ferme-du-claus","11":"first","12":"outofstock","13":"shipping-taxable","14":"product-type-simple"},"_links":{"self":[{"href":"https:\/\/totdecasa.fr\/index.php\/wp-json\/wp\/v2\/product\/206269","targetHints":{"allow":["GET"]}}],"collection":[{"href":"https:\/\/totdecasa.fr\/index.php\/wp-json\/wp\/v2\/product"}],"about":[{"href":"https:\/\/totdecasa.fr\/index.php\/wp-json\/wp\/v2\/types\/product"}],"replies":[{"embeddable":true,"href":"https:\/\/totdecasa.fr\/index.php\/wp-json\/wp\/v2\/comments?post=206269"}],"wp:featuredmedia":[{"embeddable":true,"href":"https:\/\/totdecasa.fr\/index.php\/wp-json\/wp\/v2\/media\/206271"}],"wp:attachment":[{"href":"https:\/\/totdecasa.fr\/index.php\/wp-json\/wp\/v2\/media?parent=206269"}],"wp:term":[{"taxonomy":"product_brand","embeddable":true,"href":"https:\/\/totdecasa.fr\/index.php\/wp-json\/wp\/v2\/product_brand?post=206269"},{"taxonomy":"product_cat","embeddable":true,"href":"https:\/\/totdecasa.fr\/index.php\/wp-json\/wp\/v2\/product_cat?post=206269"},{"taxonomy":"product_tag","embeddable":true,"href":"https:\/\/totdecasa.fr\/index.php\/wp-json\/wp\/v2\/product_tag?post=206269"}],"curies":[{"name":"wp","href":"https:\/\/api.w.org\/{rel}","templated":true}]}}