{"id":206231,"date":"2018-02-16T11:01:51","date_gmt":"2018-02-16T10:01:51","guid":{"rendered":"http:\/\/totdecasa.fr\/?post_type=product&#038;p=206231"},"modified":"2021-02-05T18:32:45","modified_gmt":"2021-02-05T17:32:45","slug":"pate-au-foie-gras-175g","status":"publish","type":"product","link":"https:\/\/totdecasa.fr\/index.php\/produit\/pate-au-foie-gras-175g\/","title":{"rendered":"P\u00e2t\u00e9 de porc au foie gras"},"content":{"rendered":"<p>Un p\u00e2t\u00e9 de porc moelleux et savoureux agr\u00e9ment\u00e9 de foie gras (20%) pour plus de gourmandise. Les porcs (race Duroc) sont \u00e9lev\u00e9s en plein air, et essentiellement nourris avec les c\u00e9r\u00e9ales et fourrages produits sur l\u2019exploitation. Le foie gras de canard est produit sur une ferme voisine dans le respect de la tradition et de la qualit\u00e9 de vie et d&rsquo;alimentation des animaux.<\/p>\n<p>Ingr\u00e9dients: gras, maigre et foie de porc, foie gras de canard (20%), assaisonnements.<\/p>\n<p>Poids net: 175g<\/p>\n","protected":false},"excerpt":{"rendered":"<p>Un p\u00e2t\u00e9 de porc moelleux et savoureux agr\u00e9ment\u00e9 de foie gras (20%) pour plus de gourmandise. Les porcs (race Duroc) sont \u00e9lev\u00e9s en plein air, et essentiellement nourris avec les c\u00e9r\u00e9ales et fourrages produits sur l\u2019exploitation. Le foie gras de canard est produit sur une ferme voisine dans le respect de la tradition et de [&hellip;]<\/p>\n","protected":false},"featured_media":206589,"comment_status":"open","ping_status":"closed","template":"","meta":{"_et_pb_use_builder":"","_et_pb_old_content":"","_et_gb_content_width":""},"product_brand":[],"product_cat":[22,86,54],"product_tag":[128],"class_list":{"0":"post-206231","1":"product","2":"type-product","3":"status-publish","4":"has-post-thumbnail","6":"product_cat-conserves-fines","7":"product_cat-la-ferme-du-claus","8":"product_cat-pates-rillettes","9":"product_tag-ferme-du-claus","11":"first","12":"outofstock","13":"shipping-taxable","14":"product-type-simple"},"_links":{"self":[{"href":"https:\/\/totdecasa.fr\/index.php\/wp-json\/wp\/v2\/product\/206231","targetHints":{"allow":["GET"]}}],"collection":[{"href":"https:\/\/totdecasa.fr\/index.php\/wp-json\/wp\/v2\/product"}],"about":[{"href":"https:\/\/totdecasa.fr\/index.php\/wp-json\/wp\/v2\/types\/product"}],"replies":[{"embeddable":true,"href":"https:\/\/totdecasa.fr\/index.php\/wp-json\/wp\/v2\/comments?post=206231"}],"wp:featuredmedia":[{"embeddable":true,"href":"https:\/\/totdecasa.fr\/index.php\/wp-json\/wp\/v2\/media\/206589"}],"wp:attachment":[{"href":"https:\/\/totdecasa.fr\/index.php\/wp-json\/wp\/v2\/media?parent=206231"}],"wp:term":[{"taxonomy":"product_brand","embeddable":true,"href":"https:\/\/totdecasa.fr\/index.php\/wp-json\/wp\/v2\/product_brand?post=206231"},{"taxonomy":"product_cat","embeddable":true,"href":"https:\/\/totdecasa.fr\/index.php\/wp-json\/wp\/v2\/product_cat?post=206231"},{"taxonomy":"product_tag","embeddable":true,"href":"https:\/\/totdecasa.fr\/index.php\/wp-json\/wp\/v2\/product_tag?post=206231"}],"curies":[{"name":"wp","href":"https:\/\/api.w.org\/{rel}","templated":true}]}}