{"id":205782,"date":"2018-02-04T14:48:11","date_gmt":"2018-02-04T13:48:11","guid":{"rendered":"http:\/\/totdecasa.fr\/?post_type=product&#038;p=205782"},"modified":"2024-08-07T18:07:25","modified_gmt":"2024-08-07T16:07:25","slug":"pain-complet","status":"publish","type":"product","link":"https:\/\/totdecasa.fr\/index.php\/produit\/pain-complet\/","title":{"rendered":"Pain complet"},"content":{"rendered":"<p>Pain complet au levain, cuit au feu de bois.<\/p>\n<p>Le bl\u00e9, certifi\u00e9 Agriculture Biologique, est produit \u00e0 la ferme et moulu sur meule de pierre.<\/p>\n","protected":false},"excerpt":{"rendered":"<p>Pain complet au levain, cuit au feu de bois. Le bl\u00e9, certifi\u00e9 Agriculture Biologique, est produit \u00e0 la ferme et moulu sur meule de pierre.<\/p>\n","protected":false},"featured_media":206047,"comment_status":"open","ping_status":"closed","template":"","meta":{"_et_pb_use_builder":"","_et_pb_old_content":"","_et_gb_content_width":""},"product_brand":[],"product_cat":[104,21],"product_tag":[149],"class_list":{"0":"post-205782","1":"product","2":"type-product","3":"status-publish","4":"has-post-thumbnail","6":"product_cat-gaec-pietometi","7":"product_cat-pains-brioches","8":"product_tag-gaec-pietometi-ogeu","10":"first","11":"instock","12":"shipping-taxable","13":"product-type-variable"},"_links":{"self":[{"href":"https:\/\/totdecasa.fr\/index.php\/wp-json\/wp\/v2\/product\/205782","targetHints":{"allow":["GET"]}}],"collection":[{"href":"https:\/\/totdecasa.fr\/index.php\/wp-json\/wp\/v2\/product"}],"about":[{"href":"https:\/\/totdecasa.fr\/index.php\/wp-json\/wp\/v2\/types\/product"}],"replies":[{"embeddable":true,"href":"https:\/\/totdecasa.fr\/index.php\/wp-json\/wp\/v2\/comments?post=205782"}],"wp:featuredmedia":[{"embeddable":true,"href":"https:\/\/totdecasa.fr\/index.php\/wp-json\/wp\/v2\/media\/206047"}],"wp:attachment":[{"href":"https:\/\/totdecasa.fr\/index.php\/wp-json\/wp\/v2\/media?parent=205782"}],"wp:term":[{"taxonomy":"product_brand","embeddable":true,"href":"https:\/\/totdecasa.fr\/index.php\/wp-json\/wp\/v2\/product_brand?post=205782"},{"taxonomy":"product_cat","embeddable":true,"href":"https:\/\/totdecasa.fr\/index.php\/wp-json\/wp\/v2\/product_cat?post=205782"},{"taxonomy":"product_tag","embeddable":true,"href":"https:\/\/totdecasa.fr\/index.php\/wp-json\/wp\/v2\/product_tag?post=205782"}],"curies":[{"name":"wp","href":"https:\/\/api.w.org\/{rel}","templated":true}]}}