{"id":210314,"date":"2021-04-29T16:21:10","date_gmt":"2021-04-29T14:21:10","guid":{"rendered":"http:\/\/totdecasa.fr\/?page_id=210314"},"modified":"2021-04-29T16:21:19","modified_gmt":"2021-04-29T14:21:19","slug":"ferme-pretou","status":"publish","type":"page","link":"https:\/\/totdecasa.fr\/index.php\/ferme-pretou\/","title":{"rendered":"Ferme Pr\u00e9tou"},"content":{"rendered":"<p>[et_pb_section fb_built=\u00a0\u00bb1&Prime; _builder_version=\u00a0\u00bb4.4.7&Prime; background_enable_color=\u00a0\u00bboff\u00a0\u00bb custom_margin=\u00a0\u00bb||-6px|||\u00a0\u00bb custom_padding=\u00a0\u00bb47px||17px|||\u00a0\u00bb][et_pb_row column_structure=\u00a0\u00bb3_4,1_4&Prime; _builder_version=\u00a0\u00bb4.4.7&Prime; custom_padding=\u00a0\u00bb26px||11px|0px||\u00a0\u00bb][et_pb_column type=\u00a0\u00bb3_4&Prime; _builder_version=\u00a0\u00bb4.4.7&Prime;][et_pb_text _builder_version=\u00a0\u00bb4.6.6&Prime; text_font=\u00a0\u00bbdkotago||||||||\u00a0\u00bb text_text_color=\u00a0\u00bb#c02026&Prime; text_font_size=\u00a0\u00bb33px\u00a0\u00bb hover_enabled=\u00a0\u00bb0&Prime; sticky_enabled=\u00a0\u00bb0&Prime;]<\/p>\n<p>Ferme Pr\u00e9tou<\/p>\n<p>[\/et_pb_text][et_pb_text _builder_version=\u00a0\u00bb4.6.6&Prime; custom_margin=\u00a0\u00bb-8px||6px|||\u00a0\u00bb custom_padding=\u00a0\u00bb9px|||||\u00a0\u00bb hover_enabled=\u00a0\u00bb0&Prime; sticky_enabled=\u00a0\u00bb0&Prime;]<\/p>\n<h4>Andr\u00e9 Candau<\/h4>\n<p>[\/et_pb_text][et_pb_text _builder_version=\u00a0\u00bb4.6.6&Prime; text_font=\u00a0\u00bbHelvetica||on||||||\u00a0\u00bb text_text_color=\u00a0\u00bb#413a34&Prime; text_font_size=\u00a0\u00bb18px\u00a0\u00bb custom_margin=\u00a0\u00bb||10px|||\u00a0\u00bb hover_enabled=\u00a0\u00bb0&Prime; sticky_enabled=\u00a0\u00bb0&Prime;]<\/p>\n<p>Viande de porcs, \u00e9lev\u00e9s sur paille.<\/p>\n<p>[\/et_pb_text][et_pb_text _builder_version=\u00a0\u00bb4.6.6&Prime; text_font=\u00a0\u00bbHelvetica||on||||||\u00a0\u00bb text_text_color=\u00a0\u00bb#413a34&Prime; text_font_size=\u00a0\u00bb18px\u00a0\u00bb custom_margin=\u00a0\u00bb||35px|||\u00a0\u00bb hover_enabled=\u00a0\u00bb0&Prime; sticky_enabled=\u00a0\u00bb0&Prime;]<\/p>\n<p><img decoding=\"async\" draggable=\"false\" role=\"img\" class=\"emoji\" alt=\"\ud83d\udccd\" src=\"https:\/\/s.w.org\/images\/core\/emoji\/13.0.0\/svg\/1f4cd.svg\" \/> Escoubes<\/p>\n<p>[\/et_pb_text][et_pb_divider color=\u00a0\u00bb#ededed\u00a0\u00bb divider_weight=\u00a0\u00bb4px\u00a0\u00bb _builder_version=\u00a0\u00bb4.4.8&Prime; custom_margin=\u00a0\u00bb-20px|||||\u00a0\u00bb][\/et_pb_divider][\/et_pb_column][et_pb_column type=\u00a0\u00bb1_4&Prime; _builder_version=\u00a0\u00bb4.4.7&Prime;][\/et_pb_column][\/et_pb_row][et_pb_row column_structure=\u00a0\u00bb3_5,2_5&Prime; _builder_version=\u00a0\u00bb4.4.7&Prime;][et_pb_column type=\u00a0\u00bb3_5&Prime; _builder_version=\u00a0\u00bb4.4.7&Prime;][et_pb_text _builder_version=\u00a0\u00bb4.6.6&Prime; text_font=\u00a0\u00bbAleo||||||||\u00a0\u00bb header_3_font=\u00a0\u00bbConvergence||||||||\u00a0\u00bb header_4_font=\u00a0\u00bbConvergence|700|||||||\u00a0\u00bb header_4_text_color=\u00a0\u00bb#c02026&Prime; header_4_font_size=\u00a0\u00bb22px\u00a0\u00bb custom_padding=\u00a0\u00bb||0px|||\u00a0\u00bb hover_enabled=\u00a0\u00bb0&Prime; sticky_enabled=\u00a0\u00bb0&Prime;]<\/p>\n<h4 align=\"JUSTIFY\">\u00a0\u00bb Quand les animaux sont bien nourris,<\/h4>\n<h4 align=\"JUSTIFY\">le plaisir est encore meilleur ! \u00ab\u00a0<\/h4>\n<p>Depuis de nombreuses g\u00e9n\u00e9rations, la Ferme Pr\u00e9tou situ\u00e9e aux portes du Vic-Bilh, dans le nord du B\u00e9arn, a su tirer le meilleur de son terroir.<\/p>\n<p>Aujourd\u2019hui, c\u2019est convaincu que notre bien-\u00eatre, la sant\u00e9 de nos enfants et la sauvegarde de notre plan\u00e8te, passent par une consommation plus raisonn\u00e9e, qu\u2019Andr\u00e9 Candau, ayant repris le flambeau de ses anc\u00eatres, s\u2019oriente vers la vente des produits de la Ferme Pr\u00e9tou et d\u2019autres producteurs locaux en circuit court.<\/p>\n<p>Car consommer local, c\u2019est manger plus frais mais aussi plus go\u00fbteux. C\u2019est surtout conna\u00eetre l\u2019origine des aliments, savoir comment ils sont produits.<\/p>\n<p>C\u2019est tout simplement se \u00abr\u00e9approprier son alimentation\u00bb.<\/p>\n<h3 align=\"JUSTIFY\"><\/h3>\n<h3 align=\"JUSTIFY\">Les produits<b><br \/> <\/b><\/h3>\n<p>\u00c9lev\u00e9 sur paille, \u00e0 la lumi\u00e8re du jour, nourri d\u2019aliment fabriqu\u00e9 \u00e0 la ferme \u00e0 base de c\u00e9r\u00e9ales et de tourteaux non OGM, les porcs R\u00e9galet grossissent tranquillement jusqu\u2019\u00e0 peser 180 kg environ. Les produits sont \u00e9labor\u00e9s sans ajout de sel nitrit\u00e9 ni de salp\u00eatre.<\/p>\n<p>Les porcs sont transform\u00e9s en produits frais (r\u00f4tis, c\u00f4tes, saucisses\u2026), en salaisons (coppa, lomo, jambon de pays, saucissons\u2026) et en conserves (longe confite, axoa de porc, p\u00e2t\u00e9s\u2026).<\/p>\n<p>[\/et_pb_text][\/et_pb_column][et_pb_column type=\u00a0\u00bb2_5&Prime; _builder_version=\u00a0\u00bb4.4.7&Prime;][et_pb_video src=\u00a0\u00bbhttps:\/\/youtu.be\/Nip0RKnxF_o\u00a0\u00bb _builder_version=\u00a0\u00bb4.6.6&Prime; custom_margin=\u00a0\u00bb1px|||||\u00a0\u00bb hover_enabled=\u00a0\u00bb0&Prime; sticky_enabled=\u00a0\u00bb0&Prime;][\/et_pb_video][et_pb_image src=\u00a0\u00bbhttp:\/\/totdecasa.fr\/wp-content\/uploads\/2021\/04\/andre.jpg\u00a0\u00bb _builder_version=\u00a0\u00bb4.6.6&Prime; hover_enabled=\u00a0\u00bb0&Prime; border_radii=\u00a0\u00bbon|8px|8px|8px|8px\u00a0\u00bb title_text=\u00a0\u00bbandr\u00e9\u00a0\u00bb sticky_enabled=\u00a0\u00bb0&Prime; custom_margin=\u00a0\u00bb44px|||||\u00a0\u00bb][\/et_pb_image][\/et_pb_column][\/et_pb_row][et_pb_row column_structure=\u00a0\u00bb1_2,1_2&Prime; _builder_version=\u00a0\u00bb4.4.8&Prime; hover_enabled=\u00a0\u00bb0&Prime; sticky_enabled=\u00a0\u00bb0&Prime;][et_pb_column type=\u00a0\u00bb1_2&Prime; _builder_version=\u00a0\u00bb4.4.7&Prime;][et_pb_image src=\u00a0\u00bbhttp:\/\/totdecasa.fr\/wp-content\/uploads\/2021\/04\/cohons.jpg\u00a0\u00bb _builder_version=\u00a0\u00bb4.6.6&Prime; hover_enabled=\u00a0\u00bb0&Prime; border_radii=\u00a0\u00bbon|8px|8px|8px|8px\u00a0\u00bb title_text=\u00a0\u00bbcohons\u00a0\u00bb sticky_enabled=\u00a0\u00bb0&Prime; custom_padding=\u00a0\u00bb|83px||||\u00a0\u00bb align=\u00a0\u00bbcenter\u00a0\u00bb][\/et_pb_image][\/et_pb_column][et_pb_column type=\u00a0\u00bb1_2&Prime; _builder_version=\u00a0\u00bb4.4.7&Prime;][et_pb_image src=\u00a0\u00bbhttp:\/\/totdecasa.fr\/wp-content\/uploads\/2021\/04\/mais-andre.jpg\u00a0\u00bb _builder_version=\u00a0\u00bb4.6.6&Prime; hover_enabled=\u00a0\u00bb0&Prime; border_radii=\u00a0\u00bbon|8px|8px|8px|8px\u00a0\u00bb title_text=\u00a0\u00bbmais andr\u00e9\u00a0\u00bb align=\u00a0\u00bbcenter\u00a0\u00bb sticky_enabled=\u00a0\u00bb0&Prime;][\/et_pb_image][\/et_pb_column][\/et_pb_row][\/et_pb_section][et_pb_section fb_built=\u00a0\u00bb1&Prime; _builder_version=\u00a0\u00bb4.4.8&Prime; background_color=\u00a0\u00bb#ededed\u00a0\u00bb custom_margin=\u00a0\u00bb||-91px|||\u00a0\u00bb custom_padding=\u00a0\u00bb||0px|||\u00a0\u00bb][et_pb_row _builder_version=\u00a0\u00bb4.4.8&Prime; background_enable_color=\u00a0\u00bboff\u00a0\u00bb custom_margin=\u00a0\u00bb-51px|auto||auto||\u00a0\u00bb][et_pb_column type=\u00a0\u00bb4_4&Prime; _builder_version=\u00a0\u00bb4.4.8&Prime;][et_pb_text _builder_version=\u00a0\u00bb4.6.6&Prime; custom_margin=\u00a0\u00bb||19px|||\u00a0\u00bb hover_enabled=\u00a0\u00bb0&Prime; sticky_enabled=\u00a0\u00bb0&Prime;]<\/p>\n<div>\n<div>\n<h3>Retrouvez le porc frais, les salaisons et les conserves d&rsquo;Andr\u00e9 sur notre boutique en ligne :<\/h3>\n<\/div>\n<\/div>\n<p>[\/et_pb_text][et_pb_shop type=\u00a0\u00bbproduct_category\u00a0\u00bb posts_number=\u00a0\u00bb4&Prime; _builder_version=\u00a0\u00bb4.6.6&Prime; custom_margin=\u00a0\u00bb-2px|||||\u00a0\u00bb custom_padding=\u00a0\u00bb||0px|||\u00a0\u00bb hover_enabled=\u00a0\u00bb0&Prime; include_categories=\u00a0\u00bb186&Prime; orderby=\u00a0\u00bbpopularity\u00a0\u00bb sticky_enabled=\u00a0\u00bb0&Prime;][\/et_pb_shop][\/et_pb_column][\/et_pb_row][\/et_pb_section]<\/p>\n","protected":false},"excerpt":{"rendered":"<p>Ferme Pr\u00e9tou Andr\u00e9 Candau Viande de porcs, \u00e9lev\u00e9s sur paille. Escoubes \u00a0\u00bb Quand les animaux sont bien nourris, le plaisir est encore meilleur ! \u00a0\u00bb Depuis de nombreuses g\u00e9n\u00e9rations, la Ferme Pr\u00e9tou situ\u00e9e aux portes du Vic-Bilh, dans le nord du B\u00e9arn, a su tirer le meilleur de son terroir. Aujourd\u2019hui, c\u2019est convaincu que notre [&hellip;]<\/p>\n","protected":false},"author":1,"featured_media":0,"parent":0,"menu_order":0,"comment_status":"closed","ping_status":"closed","template":"","meta":{"_et_pb_use_builder":"on","_et_pb_old_content":"","_et_gb_content_width":"","footnotes":""},"class_list":["post-210314","page","type-page","status-publish","hentry"],"_links":{"self":[{"href":"https:\/\/totdecasa.fr\/index.php\/wp-json\/wp\/v2\/pages\/210314","targetHints":{"allow":["GET"]}}],"collection":[{"href":"https:\/\/totdecasa.fr\/index.php\/wp-json\/wp\/v2\/pages"}],"about":[{"href":"https:\/\/totdecasa.fr\/index.php\/wp-json\/wp\/v2\/types\/page"}],"author":[{"embeddable":true,"href":"https:\/\/totdecasa.fr\/index.php\/wp-json\/wp\/v2\/users\/1"}],"replies":[{"embeddable":true,"href":"https:\/\/totdecasa.fr\/index.php\/wp-json\/wp\/v2\/comments?post=210314"}],"version-history":[{"count":4,"href":"https:\/\/totdecasa.fr\/index.php\/wp-json\/wp\/v2\/pages\/210314\/revisions"}],"predecessor-version":[{"id":210323,"href":"https:\/\/totdecasa.fr\/index.php\/wp-json\/wp\/v2\/pages\/210314\/revisions\/210323"}],"wp:attachment":[{"href":"https:\/\/totdecasa.fr\/index.php\/wp-json\/wp\/v2\/media?parent=210314"}],"curies":[{"name":"wp","href":"https:\/\/api.w.org\/{rel}","templated":true}]}}