{"id":209621,"date":"2020-08-13T11:09:49","date_gmt":"2020-08-13T09:09:49","guid":{"rendered":"http:\/\/totdecasa.fr\/?page_id=209621"},"modified":"2020-10-30T18:34:52","modified_gmt":"2020-10-30T17:34:52","slug":"familha-masseillou","status":"publish","type":"page","link":"https:\/\/totdecasa.fr\/index.php\/producteurs\/familha-masseillou\/","title":{"rendered":"Familha Masseillou"},"content":{"rendered":"<p>[et_pb_section fb_built=\u00a0\u00bb1&Prime; _builder_version=\u00a0\u00bb4.4.7&Prime; background_enable_color=\u00a0\u00bboff\u00a0\u00bb custom_margin=\u00a0\u00bb||-6px|||\u00a0\u00bb custom_padding=\u00a0\u00bb47px||17px|||\u00a0\u00bb][et_pb_row column_structure=\u00a0\u00bb3_4,1_4&Prime; _builder_version=\u00a0\u00bb4.4.7&Prime; custom_padding=\u00a0\u00bb26px||11px|0px||\u00a0\u00bb][et_pb_column type=\u00a0\u00bb3_4&Prime; _builder_version=\u00a0\u00bb4.4.7&Prime;][et_pb_text _builder_version=\u00a0\u00bb4.4.8&Prime; text_font=\u00a0\u00bbdkotago||||||||\u00a0\u00bb text_text_color=\u00a0\u00bb#c02026&Prime; text_font_size=\u00a0\u00bb33px\u00a0\u00bb]<\/p>\n<p>Familha masseillou<\/p>\n<p>[\/et_pb_text][et_pb_text _builder_version=\u00a0\u00bb4.4.8&Prime; custom_margin=\u00a0\u00bb-8px||6px|||\u00a0\u00bb custom_padding=\u00a0\u00bb9px|||||\u00a0\u00bb]<\/p>\n<h4>Sylvain Masseillou<\/h4>\n<p>[\/et_pb_text][et_pb_text _builder_version=\u00a0\u00bb4.6.6&Prime; text_font=\u00a0\u00bbHelvetica||on||||||\u00a0\u00bb text_text_color=\u00a0\u00bb#413a34&Prime; text_font_size=\u00a0\u00bb18px\u00a0\u00bb custom_margin=\u00a0\u00bb||35px|||\u00a0\u00bb hover_enabled=\u00a0\u00bb0&Prime; sticky_enabled=\u00a0\u00bb0&Prime;]<\/p>\n<p>Miel, pollen frai, propolis, pain d&rsquo;\u00e9pices.<\/p>\n<p>\ud83d\udccd Lescar<\/p>\n<p>[\/et_pb_text][et_pb_divider color=\u00a0\u00bb#ededed\u00a0\u00bb divider_weight=\u00a0\u00bb4px\u00a0\u00bb _builder_version=\u00a0\u00bb4.4.8&Prime; custom_margin=\u00a0\u00bb-20px|||||\u00a0\u00bb][\/et_pb_divider][\/et_pb_column][et_pb_column type=\u00a0\u00bb1_4&Prime; _builder_version=\u00a0\u00bb4.4.7&Prime;][\/et_pb_column][\/et_pb_row][et_pb_row column_structure=\u00a0\u00bb3_5,2_5&Prime; _builder_version=\u00a0\u00bb4.4.7&Prime;][et_pb_column type=\u00a0\u00bb3_5&Prime; _builder_version=\u00a0\u00bb4.4.7&Prime;][et_pb_text _builder_version=\u00a0\u00bb4.4.8&Prime; text_font=\u00a0\u00bbAleo||||||||\u00a0\u00bb header_3_font=\u00a0\u00bbConvergence||||||||\u00a0\u00bb header_4_font=\u00a0\u00bbConvergence|700|||||||\u00a0\u00bb header_4_text_color=\u00a0\u00bb#c02026&Prime; header_4_font_size=\u00a0\u00bb22px\u00a0\u00bb custom_padding=\u00a0\u00bb||0px|||\u00a0\u00bb]<\/p>\n<h4 align=\"JUSTIFY\">\u00ab\u00a0Chez les Masseillou, le miel se fait en famille !\u00a0\u00bb<\/h4>\n<p align=\"JUSTIFY\">En 2017, Sylvain reprend la petite activit\u00e9 apicole de ses parents et s&rsquo;installe comme apiculteur.<\/p>\n<h3 align=\"JUSTIFY\"><\/h3>\n<h3 align=\"JUSTIFY\">La ferme<b><br \/> <\/b><\/h3>\n<p>La ferme est situ\u00e9e sur la commune de Lescar, aux alentours de Pau. Plus de 220 ruches* sont en production, quelques unes autour de la maison, \u00e0 l&rsquo;ann\u00e9e, toutes les autres sur des sites naturels pr\u00e9serv\u00e9s et choisis avec soin !<\/p>\n<p>De fin avril \u00e0 mai, c&rsquo;est la r\u00e9colte de l&rsquo;acacia dans le sud des Landes. Le miel de printemps prend des dominances pissenlit et colza, puis le \u00ab\u00a0toute fleur\u00a0\u00bb se charge de ronce, tilleul et chataignier.<\/p>\n<p>En juin, le miel de basse montagne est r\u00e9colt\u00e9 sur les hauteurs de Bedous et d&rsquo;Escot (Vall\u00e9e d&rsquo;Aspe). Puis mi-ao\u00fbt, sonne l&rsquo;heure de la transhumance vers le Cirque de Lescun et le Col du Soulor.<\/p>\n<p>* Une ruche est compos\u00e9e de 60 \u00e0 80 000 abeilles !<\/p>\n<h3 align=\"JUSTIFY\"><\/h3>\n<h3 align=\"JUSTIFY\">Les produits<b><br \/> <\/b><\/h3>\n<p>Le miel est \u00ab\u00a0brut\u00a0\u00bb : l&rsquo;extraction se fait pas lots de ruchers, les miels ne sont pas m\u00e9lang\u00e9s entre eux. Pas de go\u00fbt standardis\u00e9 puisqu&rsquo;il d\u00e9pend des conditions de l&rsquo;ann\u00e9e (m\u00e9t\u00e9o, fleurs pr\u00e9sentes&#8230;). Le miel n&rsquo;est pas chauff\u00e9 afin de conserver toutes ses propri\u00e9t\u00e9s (produit naturel non st\u00e9rilis\u00e9).<\/p>\n<p>Le pollen est r\u00e9colt\u00e9, tri\u00e9 puis directement congel\u00e9 ; contrairement \u00e0 un pollen sec, le pollen frai congel\u00e9 conserve toutes ses propri\u00e9t\u00e9s (d\u00e9fences immunitaires, protection de la flore intestinale&#8230;).<\/p>\n<p>La teinture de propolis a des vertues antiseptiques et agit sur la sph\u00e9re ORL.<\/p>\n<p>Le pain d&rsquo;\u00e9pice, fait avec le miel de la maison, est tendre et doucement \u00e9pic\u00e9 (tous les ingr\u00e9dients sont bio).<\/p>\n<p>[\/et_pb_text][\/et_pb_column][et_pb_column type=\u00a0\u00bb2_5&Prime; _builder_version=\u00a0\u00bb4.4.7&Prime;][et_pb_code _builder_version=\u00a0\u00bb4.6.5&Prime; _module_preset=\u00a0\u00bbdefault\u00a0\u00bb custom_margin=\u00a0\u00bb2px|||||\u00a0\u00bb]<\/p>\n<div style=\"padding:56.25% 0 0 0;position:relative;\"><iframe src=\"https:\/\/player.vimeo.com\/video\/459383880\" style=\"position:absolute;top:0;left:0;width:100%;height:100%;\" frameborder=\"0\" allow=\"autoplay; fullscreen\" allowfullscreen><\/iframe><\/div>\n<p><script src=\"https:\/\/player.vimeo.com\/api\/player.js\"><\/script>[\/et_pb_code][et_pb_image src=\u00a0\u00bbhttp:\/\/totdecasa.fr\/wp-content\/uploads\/2020\/10\/CDC_miel.jpg\u00a0\u00bb title_text=\u00a0\u00bbCDC_miel\u00a0\u00bb _builder_version=\u00a0\u00bb4.4.8&Prime; custom_margin=\u00a0\u00bb93px|||||\u00a0\u00bb border_radii=\u00a0\u00bbon|8px|8px|8px|8px\u00a0\u00bb][\/et_pb_image][\/et_pb_column][\/et_pb_row][et_pb_row column_structure=\u00a0\u00bb1_2,1_2&Prime; _builder_version=\u00a0\u00bb4.4.8&Prime;][et_pb_column type=\u00a0\u00bb1_2&Prime; _builder_version=\u00a0\u00bb4.4.7&Prime;][et_pb_image src=\u00a0\u00bbhttp:\/\/totdecasa.fr\/wp-content\/uploads\/2020\/09\/received_321351485762500copy.jpeg\u00a0\u00bb title_text=\u00a0\u00bbreceived_321351485762500copy\u00a0\u00bb _builder_version=\u00a0\u00bb4.4.8&Prime; custom_padding=\u00a0\u00bb||0px|||\u00a0\u00bb border_radii=\u00a0\u00bbon|8px|8px|8px|8px\u00a0\u00bb][\/et_pb_image][\/et_pb_column][et_pb_column type=\u00a0\u00bb1_2&Prime; _builder_version=\u00a0\u00bb4.4.7&Prime;][et_pb_image src=\u00a0\u00bbhttp:\/\/totdecasa.fr\/wp-content\/uploads\/2020\/09\/received_706405149961801-scaled.jpeg\u00a0\u00bb title_text=\u00a0\u00bbreceived_706405149961801&Prime; _builder_version=\u00a0\u00bb4.4.8&Prime; custom_padding=\u00a0\u00bb62px|||||\u00a0\u00bb border_radii=\u00a0\u00bbon|8px|8px|8px|8px\u00a0\u00bb][\/et_pb_image][\/et_pb_column][\/et_pb_row][\/et_pb_section][et_pb_section fb_built=\u00a0\u00bb1&Prime; _builder_version=\u00a0\u00bb4.4.8&Prime; background_color=\u00a0\u00bb#ededed\u00a0\u00bb custom_margin=\u00a0\u00bb||-91px|||\u00a0\u00bb custom_padding=\u00a0\u00bb||0px|||\u00a0\u00bb][et_pb_row _builder_version=\u00a0\u00bb4.4.8&Prime; background_enable_color=\u00a0\u00bboff\u00a0\u00bb custom_margin=\u00a0\u00bb-51px|auto||auto||\u00a0\u00bb][et_pb_column type=\u00a0\u00bb4_4&Prime; _builder_version=\u00a0\u00bb4.4.8&Prime;][et_pb_text _builder_version=\u00a0\u00bb4.4.8&Prime; custom_margin=\u00a0\u00bb||19px|||\u00a0\u00bb]<\/p>\n<h3>Retrouvez les miels et gourmandises de Sylvain sur notre boutique en ligne :<\/h3>\n<p>[\/et_pb_text][et_pb_shop type=\u00a0\u00bbproduct_category\u00a0\u00bb posts_number=\u00a0\u00bb4&Prime; include_categories=\u00a0\u00bb127&Prime; _builder_version=\u00a0\u00bb4.4.8&Prime; custom_margin=\u00a0\u00bb-2px|||||\u00a0\u00bb custom_padding=\u00a0\u00bb||0px|||\u00a0\u00bb][\/et_pb_shop][\/et_pb_column][\/et_pb_row][\/et_pb_section]<\/p>\n","protected":false},"excerpt":{"rendered":"<p>Familha masseillouSylvain MasseillouMiel, pollen frai, propolis, pain d&rsquo;\u00e9pices. \ud83d\udccd Lescar \u00ab\u00a0Chez les Masseillou, le miel se fait en famille !\u00a0\u00bb En 2017, Sylvain reprend la petite activit\u00e9 apicole de ses parents et s&rsquo;installe comme apiculteur. La ferme La ferme est situ\u00e9e sur la commune de Lescar, aux alentours de Pau. Plus de 220 ruches* sont [&hellip;]<\/p>\n","protected":false},"author":1,"featured_media":0,"parent":206782,"menu_order":0,"comment_status":"closed","ping_status":"closed","template":"","meta":{"_et_pb_use_builder":"on","_et_pb_old_content":"","_et_gb_content_width":"","footnotes":""},"class_list":["post-209621","page","type-page","status-publish","hentry"],"_links":{"self":[{"href":"https:\/\/totdecasa.fr\/index.php\/wp-json\/wp\/v2\/pages\/209621","targetHints":{"allow":["GET"]}}],"collection":[{"href":"https:\/\/totdecasa.fr\/index.php\/wp-json\/wp\/v2\/pages"}],"about":[{"href":"https:\/\/totdecasa.fr\/index.php\/wp-json\/wp\/v2\/types\/page"}],"author":[{"embeddable":true,"href":"https:\/\/totdecasa.fr\/index.php\/wp-json\/wp\/v2\/users\/1"}],"replies":[{"embeddable":true,"href":"https:\/\/totdecasa.fr\/index.php\/wp-json\/wp\/v2\/comments?post=209621"}],"version-history":[{"count":11,"href":"https:\/\/totdecasa.fr\/index.php\/wp-json\/wp\/v2\/pages\/209621\/revisions"}],"predecessor-version":[{"id":209979,"href":"https:\/\/totdecasa.fr\/index.php\/wp-json\/wp\/v2\/pages\/209621\/revisions\/209979"}],"up":[{"embeddable":true,"href":"https:\/\/totdecasa.fr\/index.php\/wp-json\/wp\/v2\/pages\/206782"}],"wp:attachment":[{"href":"https:\/\/totdecasa.fr\/index.php\/wp-json\/wp\/v2\/media?parent=209621"}],"curies":[{"name":"wp","href":"https:\/\/api.w.org\/{rel}","templated":true}]}}