{"id":209456,"date":"2020-07-23T11:22:27","date_gmt":"2020-07-23T09:22:27","guid":{"rendered":"http:\/\/totdecasa.fr\/?page_id=209456"},"modified":"2020-10-30T18:30:30","modified_gmt":"2020-10-30T17:30:30","slug":"gaec-de-la-portera","status":"publish","type":"page","link":"https:\/\/totdecasa.fr\/index.php\/producteurs\/gaec-de-la-portera\/","title":{"rendered":"GAEC de la Portera"},"content":{"rendered":"<p>[et_pb_section fb_built=\u00a0\u00bb1&Prime; _builder_version=\u00a0\u00bb4.4.7&Prime; background_enable_color=\u00a0\u00bboff\u00a0\u00bb custom_margin=\u00a0\u00bb||-6px|||\u00a0\u00bb custom_padding=\u00a0\u00bb47px||17px|||\u00a0\u00bb][et_pb_row column_structure=\u00a0\u00bb3_4,1_4&Prime; _builder_version=\u00a0\u00bb4.4.7&Prime; custom_padding=\u00a0\u00bb26px||11px|0px||\u00a0\u00bb][et_pb_column type=\u00a0\u00bb3_4&Prime; _builder_version=\u00a0\u00bb4.4.7&Prime;][et_pb_text _builder_version=\u00a0\u00bb4.4.8&Prime; text_font=\u00a0\u00bbdkotago||||||||\u00a0\u00bb text_text_color=\u00a0\u00bb#c02026&Prime; text_font_size=\u00a0\u00bb33px\u00a0\u00bb]<\/p>\n<p>GAEC de la Portera<\/p>\n<p>[\/et_pb_text][et_pb_text _builder_version=\u00a0\u00bb4.4.8&Prime; custom_margin=\u00a0\u00bb-8px||6px|||\u00a0\u00bb custom_padding=\u00a0\u00bb9px|||||\u00a0\u00bb]<\/p>\n<h4>Vanessa Bonilla &amp; Pascal R\u00e9chou<\/h4>\n<p>[\/et_pb_text][et_pb_text _builder_version=\u00a0\u00bb4.6.6&Prime; text_font=\u00a0\u00bbHelvetica||on||||||\u00a0\u00bb text_text_color=\u00a0\u00bb#413a34&Prime; text_font_size=\u00a0\u00bb18px\u00a0\u00bb custom_margin=\u00a0\u00bb||35px|||\u00a0\u00bb hover_enabled=\u00a0\u00bb0&Prime; sticky_enabled=\u00a0\u00bb0&Prime;]<\/p>\n<p>Vaches, veaux sous la m\u00e8re et poules pondeuses.<\/p>\n<p>\ud83d\udccd Louvie-Juzon, Vall\u00e9e d&rsquo;Ossau<\/p>\n<p>[\/et_pb_text][et_pb_divider color=\u00a0\u00bb#ededed\u00a0\u00bb divider_weight=\u00a0\u00bb4px\u00a0\u00bb _builder_version=\u00a0\u00bb4.4.8&Prime; custom_margin=\u00a0\u00bb-20px|||||\u00a0\u00bb][\/et_pb_divider][\/et_pb_column][et_pb_column type=\u00a0\u00bb1_4&Prime; _builder_version=\u00a0\u00bb4.4.7&Prime;][\/et_pb_column][\/et_pb_row][et_pb_row column_structure=\u00a0\u00bb3_5,2_5&Prime; _builder_version=\u00a0\u00bb4.4.7&Prime;][et_pb_column type=\u00a0\u00bb3_5&Prime; _builder_version=\u00a0\u00bb4.4.7&Prime;][et_pb_text _builder_version=\u00a0\u00bb4.4.8&Prime; text_font=\u00a0\u00bbAleo||||||||\u00a0\u00bb header_3_font=\u00a0\u00bbConvergence||||||||\u00a0\u00bb header_4_font=\u00a0\u00bbConvergence|700|||||||\u00a0\u00bb header_4_text_color=\u00a0\u00bb#c02026&Prime; header_4_font_size=\u00a0\u00bb22px\u00a0\u00bb custom_padding=\u00a0\u00bb||0px|||\u00a0\u00bb]<\/p>\n<h4 align=\"JUSTIFY\">\u00ab\u00a0Des veaux, le lait des vaches, l&rsquo;herbe des pr\u00e9s\u00a0\u00bb<\/h4>\n<p>Dans les ann\u00e9es 1990, Pascal reprend l&rsquo;exploitation familiale. Il est rejoint en 2015 par Vanessa ; ensemble, ils forment le GAEC de la Portera.<\/p>\n<p>Pourquoi ce nom ? La portera est un passage entre la montagne de Ja\u00fct et le quartier de P\u00e9d\u00e9hourat o\u00f9 s\u2019engouffre un petit vent frais l\u2019\u00e9t\u00e9 et froid l\u2019hiver !<\/p>\n<h3 align=\"JUSTIFY\"><\/h3>\n<h3 align=\"JUSTIFY\">La ferme<b><br \/> <\/b><\/h3>\n<p>Situ\u00e9e au centre du hameau de P\u00e9d\u00e9hourat, c\u2019est une vieille ferme typique B\u00e9arnaise. L\u2019exploitation s\u2019etend sur 40 hectares de terre en fortes pentes pour la plupart. Une partie plate est destin\u00e9e \u00e0 la culture du ma\u00efs et les petits coteaux accueillent les prairies o\u00f9 pacagent all\u00e8grement vaches et poules. Les veaux sont \u00e9lev\u00e9s sur paille \u00e0 l\u2019abri des intemp\u00e9ries.<\/p>\n<p>L&rsquo;\u00e9t\u00e9, les vaches transhument vers les hauteurs de la Vall\u00e9e d&rsquo;Ossau et y pacagent en toute libert\u00e9.<\/p>\n<h3>Les produits<b><br \/> <\/b><\/h3>\n<p>Suivant les saison et le rythme naturel des poules, Vanessa et Pascal r\u00e9coltent leurs \u0153ufs paysans riches en om\u00e9ga 3. Les poules sont \u00e9lev\u00e9es en plein air, sur de grands parcours et nourries aux grains concass\u00e9s.<\/p>\n<p>Une fois pas mois, ils proposent leur viande de veau de lait \u00e9lev\u00e9 sous la m\u00e8re. Le bon go\u00fbt de la simplicit\u00e9 : les veaux boivent du lait des vaches qui mangent de l\u2019herbe des prairies fleuries.<\/p>\n<p>&nbsp;<\/p>\n<p>[\/et_pb_text][\/et_pb_column][et_pb_column type=\u00a0\u00bb2_5&Prime; _builder_version=\u00a0\u00bb4.4.7&Prime;][et_pb_code _builder_version=\u00a0\u00bb4.6.5&Prime; _module_preset=\u00a0\u00bbdefault\u00a0\u00bb custom_margin=\u00a0\u00bb-189px|||||\u00a0\u00bb custom_padding=\u00a0\u00bb0px|||||\u00a0\u00bb]<\/p>\n<div style=\"padding:56.25% 0 0 0;position:relative;\"><iframe src=\"https:\/\/player.vimeo.com\/video\/358458087\" style=\"position:absolute;top:0;left:0;width:100%;height:100%;\" frameborder=\"0\" allow=\"autoplay; fullscreen\" allowfullscreen><\/iframe><\/div>\n<p><script src=\"https:\/\/player.vimeo.com\/api\/player.js\"><\/script>[\/et_pb_code][et_pb_image src=\u00a0\u00bbhttp:\/\/totdecasa.fr\/wp-content\/uploads\/2020\/07\/poule.jpg\u00a0\u00bb title_text=\u00a0\u00bbpoule\u00a0\u00bb _builder_version=\u00a0\u00bb4.4.8&Prime; custom_margin=\u00a0\u00bb69px|||||\u00a0\u00bb border_radii=\u00a0\u00bbon|8px|8px|8px|8px\u00a0\u00bb][\/et_pb_image][\/et_pb_column][\/et_pb_row][et_pb_row column_structure=\u00a0\u00bb1_2,1_2&Prime; _builder_version=\u00a0\u00bb4.4.8&Prime;][et_pb_column type=\u00a0\u00bb1_2&Prime; _builder_version=\u00a0\u00bb4.4.7&Prime;][et_pb_image src=\u00a0\u00bbhttp:\/\/totdecasa.fr\/wp-content\/uploads\/2020\/07\/vanessa2.jpg\u00a0\u00bb title_text=\u00a0\u00bbvanessa2&Prime; _builder_version=\u00a0\u00bb4.4.8&Prime; border_radii=\u00a0\u00bbon|8px|8px|8px|8px\u00a0\u00bb][\/et_pb_image][\/et_pb_column][et_pb_column type=\u00a0\u00bb1_2&Prime; _builder_version=\u00a0\u00bb4.4.7&Prime;][et_pb_image src=\u00a0\u00bbhttp:\/\/totdecasa.fr\/wp-content\/uploads\/2020\/07\/pascal2-1.jpg\u00a0\u00bb title_text=\u00a0\u00bbpascal2&Prime; _builder_version=\u00a0\u00bb4.4.8&Prime; border_radii=\u00a0\u00bbon|8px|8px|8px|8px\u00a0\u00bb][\/et_pb_image][\/et_pb_column][\/et_pb_row][\/et_pb_section][et_pb_section fb_built=\u00a0\u00bb1&Prime; _builder_version=\u00a0\u00bb4.4.8&Prime; background_color=\u00a0\u00bb#ededed\u00a0\u00bb custom_margin=\u00a0\u00bb||-91px|||\u00a0\u00bb custom_padding=\u00a0\u00bb||17px|||\u00a0\u00bb][et_pb_row _builder_version=\u00a0\u00bb4.4.8&Prime; background_enable_color=\u00a0\u00bboff\u00a0\u00bb custom_margin=\u00a0\u00bb-51px|auto|-92px|auto||\u00a0\u00bb custom_padding=\u00a0\u00bb||58px|||\u00a0\u00bb][et_pb_column type=\u00a0\u00bb4_4&Prime; _builder_version=\u00a0\u00bb4.4.8&Prime;][et_pb_text _builder_version=\u00a0\u00bb4.4.8&Prime; custom_margin=\u00a0\u00bb||19px|||\u00a0\u00bb]<\/p>\n<h3>Retrouvez le veau et les oeufs de Vanessa et Pascal sur notre boutique en ligne :<\/h3>\n<p>[\/et_pb_text][et_pb_shop type=\u00a0\u00bbproduct_category\u00a0\u00bb posts_number=\u00a0\u00bb4&Prime; include_categories=\u00a0\u00bb100&Prime; _builder_version=\u00a0\u00bb4.4.8&Prime; custom_margin=\u00a0\u00bb-2px|||||\u00a0\u00bb custom_padding=\u00a0\u00bb||0px|||\u00a0\u00bb][\/et_pb_shop][\/et_pb_column][\/et_pb_row][\/et_pb_section]<\/p>\n","protected":false},"excerpt":{"rendered":"<p>GAEC de la PorteraVanessa Bonilla &amp; Pascal R\u00e9chouVaches, veaux sous la m\u00e8re et poules pondeuses. \ud83d\udccd Louvie-Juzon, Vall\u00e9e d&rsquo;Ossau \u00ab\u00a0Des veaux, le lait des vaches, l&rsquo;herbe des pr\u00e9s\u00a0\u00bb Dans les ann\u00e9es 1990, Pascal reprend l&rsquo;exploitation familiale. Il est rejoint en 2015 par Vanessa ; ensemble, ils forment le GAEC de la Portera. Pourquoi ce nom [&hellip;]<\/p>\n","protected":false},"author":1,"featured_media":0,"parent":206782,"menu_order":0,"comment_status":"closed","ping_status":"closed","template":"","meta":{"_et_pb_use_builder":"on","_et_pb_old_content":"","_et_gb_content_width":"","footnotes":""},"class_list":["post-209456","page","type-page","status-publish","hentry"],"_links":{"self":[{"href":"https:\/\/totdecasa.fr\/index.php\/wp-json\/wp\/v2\/pages\/209456","targetHints":{"allow":["GET"]}}],"collection":[{"href":"https:\/\/totdecasa.fr\/index.php\/wp-json\/wp\/v2\/pages"}],"about":[{"href":"https:\/\/totdecasa.fr\/index.php\/wp-json\/wp\/v2\/types\/page"}],"author":[{"embeddable":true,"href":"https:\/\/totdecasa.fr\/index.php\/wp-json\/wp\/v2\/users\/1"}],"replies":[{"embeddable":true,"href":"https:\/\/totdecasa.fr\/index.php\/wp-json\/wp\/v2\/comments?post=209456"}],"version-history":[{"count":10,"href":"https:\/\/totdecasa.fr\/index.php\/wp-json\/wp\/v2\/pages\/209456\/revisions"}],"predecessor-version":[{"id":209976,"href":"https:\/\/totdecasa.fr\/index.php\/wp-json\/wp\/v2\/pages\/209456\/revisions\/209976"}],"up":[{"embeddable":true,"href":"https:\/\/totdecasa.fr\/index.php\/wp-json\/wp\/v2\/pages\/206782"}],"wp:attachment":[{"href":"https:\/\/totdecasa.fr\/index.php\/wp-json\/wp\/v2\/media?parent=209456"}],"curies":[{"name":"wp","href":"https:\/\/api.w.org\/{rel}","templated":true}]}}