{"id":209022,"date":"2020-06-11T12:06:52","date_gmt":"2020-06-11T10:06:52","guid":{"rendered":"http:\/\/totdecasa.fr\/?page_id=209022"},"modified":"2020-06-16T11:54:37","modified_gmt":"2020-06-16T09:54:37","slug":"gestion-des-cookies","status":"publish","type":"page","link":"https:\/\/totdecasa.fr\/index.php\/gestion-des-cookies\/","title":{"rendered":"Gestion des cookies"},"content":{"rendered":"<p>[et_pb_section fb_built=\u00a0\u00bb1&Prime; _builder_version=\u00a0\u00bb4.4.7&Prime; custom_padding=\u00a0\u00bb63px|||||\u00a0\u00bb][et_pb_row _builder_version=\u00a0\u00bb4.4.7&Prime; custom_margin=\u00a0\u00bb-35px|auto||auto||\u00a0\u00bb custom_padding=\u00a0\u00bb||2px|||\u00a0\u00bb][et_pb_column type=\u00a0\u00bb4_4&Prime; _builder_version=\u00a0\u00bb4.4.7&Prime;][et_pb_text _builder_version=\u00a0\u00bb4.4.7&Prime; custom_margin=\u00a0\u00bb||23px|||\u00a0\u00bb]<\/p>\n<h1>Gestion des cookies<\/h1>\n<p>[\/et_pb_text][et_pb_text _builder_version=\u00a0\u00bb4.4.7&Prime; custom_margin=\u00a0\u00bb-4px|||||\u00a0\u00bb hover_enabled=\u00a0\u00bb0&Prime; inline_fonts=\u00a0\u00bbAleo\u00a0\u00bb]<\/p>\n<p>Ce site utilise des cookies afin de vous proposer une navigation confortable et rapide. En naviguant sur le site vous acceptez l&rsquo;utilisation de ces cookies.<\/p>\n<p>&nbsp;<\/p>\n<h3><span style=\"font-family: inherit; font-weight: normal;\">Qu\u2019est-ce qu\u2019un \u00ab\u00a0cookie\u00a0\u00bb\u00a0?<\/span><\/h3>\n<p>Lorsque vous naviguez sur un site internet, des informations sont susceptibles d&rsquo;\u00eatre enregistr\u00e9es, ou lues, sous r\u00e9serve de vos choix. Ces \u00ab\u00a0cookies\u00a0\u00bb sont des petits fichiers qui s\u2019enregistrent gr\u00e2ce \u00e0 votre navigateur internet (Firefox, Internet explorer, Safari, Google chrome\u2026).<\/p>\n<p>Ils nous permettent, entre autre, d\u2019identifier depuis quel type de terminal (ordinateur, tablette, t\u00e9l\u00e9phone) vous consultez notre site\u00a0: celui-ci s\u2019adapte alors instantan\u00e9ment \u00e0 votre appareil.<\/p>\n<p>Sur le site de Tot de casa, nous utilisons des \u00ab\u00a0cookies syst\u00e8me\u00a0\u00bb, utiles au bon fonctionnement du site\u00a0: connexion des administrateurs ou des clients, gestion des commentaires, contenu du panier dans la boutique en ligne\u2026<\/p>\n<p>&nbsp;<\/p>\n<h3>Gestion des cookies :<\/h3>\n<p>Votre navigateur internet vous permet de param\u00e9trer vos choix sur les cookies\u00a0: accepter ou refuser certains types de cookies, supprimer des cookies d\u00e9j\u00e0 enregistr\u00e9s\u2026<\/p>\n<p>Quel que soit le site internet que vous visitez, nous vous conseillons de choisir avec attention les cookies que vous bloquez\u00a0; certaines fonctionnalit\u00e9s pourraient alors \u00eatre d\u00e9sactiv\u00e9es, d\u00e9gradant la qualit\u00e9 des services propos\u00e9s.<\/p>\n<p>&nbsp;<\/p>\n<h3>Comment param\u00e9trer vos cookies\u00a0?<\/h3>\n<p><em>Vous utilisez le navigateur Internet Explorer\u00a0:<\/em><\/p>\n<ul>\n<li>Cliquer sur Outils &gt; Options Internet.<\/li>\n<li>Dans l\u2019onglet G\u00e9n\u00e9ral, cliquer sur Param\u00e8tres de l\u2019Historique de navigation.<\/li>\n<li>Cliquer sur Afficher les fichiers.<\/li>\n<li>Choisir les cookies ind\u00e9sirables et cliquer sur Supprimer.<\/li>\n<\/ul>\n<p><strong><u><\/u><\/strong><\/p>\n<p><em>Vous utilisez le navigateur Firefox\u00a0:<\/em><\/p>\n<ul>\n<li>Cliquer sur l\u2019ic\u00f4ne Outils du navigateur &gt; menu Options.<\/li>\n<li>Choisir Vie priv\u00e9e et cliquer sur Afficher les cookies.<\/li>\n<li>Choisir les cookies ind\u00e9sirables et cliquer sur Supprimer.<\/li>\n<\/ul>\n<p><em><\/em><\/p>\n<p><em>Vous utilisez le navigateur Safari\u00a0:<\/em><\/p>\n<ul>\n<li>Cliquer sur l\u2019ic\u00f4ne Edition &gt; menu Pr\u00e9f\u00e9rences.<\/li>\n<li>Cliquer sur S\u00e9curit\u00e9 et sur Afficher les cookies.<\/li>\n<li>Choisir les cookies ind\u00e9sirables et cliquer sur Supprimer.<\/li>\n<\/ul>\n<p><em><\/em><\/p>\n<p><em>Vous utilisez le navigateur Google Chrome\u00a0:<\/em><\/p>\n<ul>\n<li>Cliquer sur l\u2019ic\u00f4ne Outils &gt; menu Options &gt; onglet Options<\/li>\n<li>Choisir la section Confidentialit\u00e9.<\/li>\n<li>Cliquer sur Afficher les cookies.<\/li>\n<li>Choisir les cookies ind\u00e9sirables et cliquer sur Supprimer.<\/li>\n<\/ul>\n<p>&nbsp;<\/p>\n<h5><em>Retrouvez plus d&rsquo;information sur les cookies depuis le site de la CNIL : <a href=\"http:\/\/www.cnil.fr\/vos-droits\/vos-traces\/les-cookies\/\" target=\"_blank\" rel=\"noopener noreferrer\">http:\/\/www.cnil.fr\/vos-droits\/vos-traces\/les-cookies\/<\/a><a href=\"http:\/\/www.cnil.fr\/vos-droits\/vos-traces\/les-cookies\/\"><\/a><\/em><\/h5>\n<p>[\/et_pb_text][\/et_pb_column][\/et_pb_row][\/et_pb_section]<\/p>\n","protected":false},"excerpt":{"rendered":"<p>Gestion des cookiesCe site utilise des cookies afin de vous proposer une navigation confortable et rapide. En naviguant sur le site vous acceptez l&rsquo;utilisation de ces cookies. &nbsp; Qu\u2019est-ce qu\u2019un \u00ab\u00a0cookie\u00a0\u00bb\u00a0? Lorsque vous naviguez sur un site internet, des informations sont susceptibles d&rsquo;\u00eatre enregistr\u00e9es, ou lues, sous r\u00e9serve de vos choix. Ces \u00ab\u00a0cookies\u00a0\u00bb sont des [&hellip;]<\/p>\n","protected":false},"author":1,"featured_media":0,"parent":0,"menu_order":0,"comment_status":"closed","ping_status":"closed","template":"","meta":{"_et_pb_use_builder":"on","_et_pb_old_content":"","_et_gb_content_width":"","footnotes":""},"class_list":["post-209022","page","type-page","status-publish","hentry"],"_links":{"self":[{"href":"https:\/\/totdecasa.fr\/index.php\/wp-json\/wp\/v2\/pages\/209022","targetHints":{"allow":["GET"]}}],"collection":[{"href":"https:\/\/totdecasa.fr\/index.php\/wp-json\/wp\/v2\/pages"}],"about":[{"href":"https:\/\/totdecasa.fr\/index.php\/wp-json\/wp\/v2\/types\/page"}],"author":[{"embeddable":true,"href":"https:\/\/totdecasa.fr\/index.php\/wp-json\/wp\/v2\/users\/1"}],"replies":[{"embeddable":true,"href":"https:\/\/totdecasa.fr\/index.php\/wp-json\/wp\/v2\/comments?post=209022"}],"version-history":[{"count":5,"href":"https:\/\/totdecasa.fr\/index.php\/wp-json\/wp\/v2\/pages\/209022\/revisions"}],"predecessor-version":[{"id":209109,"href":"https:\/\/totdecasa.fr\/index.php\/wp-json\/wp\/v2\/pages\/209022\/revisions\/209109"}],"wp:attachment":[{"href":"https:\/\/totdecasa.fr\/index.php\/wp-json\/wp\/v2\/media?parent=209022"}],"curies":[{"name":"wp","href":"https:\/\/api.w.org\/{rel}","templated":true}]}}