{"id":206830,"date":"2018-02-23T18:44:20","date_gmt":"2018-02-23T17:44:20","guid":{"rendered":"http:\/\/totdecasa.fr\/?page_id=206830"},"modified":"2021-01-20T15:15:27","modified_gmt":"2021-01-20T14:15:27","slug":"gerard-ruiz","status":"publish","type":"page","link":"https:\/\/totdecasa.fr\/index.php\/producteurs\/gerard-ruiz\/","title":{"rendered":"G\u00e9rard Ruiz"},"content":{"rendered":"<p>[et_pb_section fb_built=\u00a0\u00bb1&Prime; _builder_version=\u00a0\u00bb4.4.7&Prime; background_enable_color=\u00a0\u00bboff\u00a0\u00bb custom_margin=\u00a0\u00bb||-6px|||\u00a0\u00bb custom_padding=\u00a0\u00bb47px||17px|||\u00a0\u00bb][et_pb_row column_structure=\u00a0\u00bb3_4,1_4&Prime; _builder_version=\u00a0\u00bb4.4.7&Prime; custom_padding=\u00a0\u00bb26px||11px|0px||\u00a0\u00bb][et_pb_column type=\u00a0\u00bb3_4&Prime; _builder_version=\u00a0\u00bb4.4.7&Prime;][et_pb_text _builder_version=\u00a0\u00bb4.6.6&Prime; text_font=\u00a0\u00bbdkotago||||||||\u00a0\u00bb text_text_color=\u00a0\u00bb#c02026&Prime; text_font_size=\u00a0\u00bb33px\u00a0\u00bb custom_margin=\u00a0\u00bb||28px|||\u00a0\u00bb]<\/p>\n<p>BAbet Gassi\u00e9s et G\u00e9rard Ruiz<\/p>\n<p>[\/et_pb_text][et_pb_text _builder_version=\u00a0\u00bb4.6.6&Prime; text_font=\u00a0\u00bbHelvetica||on||||||\u00a0\u00bb text_text_color=\u00a0\u00bb#413a34&Prime; text_font_size=\u00a0\u00bb18px\u00a0\u00bb custom_margin=\u00a0\u00bb||18px|||\u00a0\u00bb]<\/p>\n<p>Confitures paysannes, chataignes, jonquilles<\/p>\n<p>[\/et_pb_text][et_pb_text _builder_version=\u00a0\u00bb4.6.6&Prime; text_font=\u00a0\u00bbHelvetica||on||||||\u00a0\u00bb text_text_color=\u00a0\u00bb#413a34&Prime; text_font_size=\u00a0\u00bb18px\u00a0\u00bb custom_margin=\u00a0\u00bb-2px||39px|||\u00a0\u00bb]<\/p>\n<p><img decoding=\"async\" draggable=\"false\" role=\"img\" class=\"emoji\" alt=\"\ud83d\udccd\" src=\"https:\/\/s.w.org\/images\/core\/emoji\/13.0.0\/svg\/1f4cd.svg\" \/>St Faust<\/p>\n<p>[\/et_pb_text][et_pb_divider color=\u00a0\u00bb#ededed\u00a0\u00bb divider_weight=\u00a0\u00bb4px\u00a0\u00bb _builder_version=\u00a0\u00bb4.4.8&Prime; custom_margin=\u00a0\u00bb-20px|||||\u00a0\u00bb][\/et_pb_divider][\/et_pb_column][et_pb_column type=\u00a0\u00bb1_4&Prime; _builder_version=\u00a0\u00bb4.4.7&Prime;][et_pb_image src=\u00a0\u00bbhttp:\/\/totdecasa.fr\/wp-content\/uploads\/2020\/04\/mt-sample-background.jpg\u00a0\u00bb title_text=\u00a0\u00bbmt-sample-background\u00a0\u00bb _builder_version=\u00a0\u00bb4.4.7&Prime; custom_margin=\u00a0\u00bb-12px|||||\u00a0\u00bb][\/et_pb_image][\/et_pb_column][\/et_pb_row][et_pb_row _builder_version=\u00a0\u00bb4.4.8&Prime; custom_padding=\u00a0\u00bb3px|||||\u00a0\u00bb][et_pb_column type=\u00a0\u00bb4_4&Prime; _builder_version=\u00a0\u00bb4.4.8&Prime;][et_pb_text _builder_version=\u00a0\u00bb4.6.6&Prime; text_font=\u00a0\u00bbAleo||||||||\u00a0\u00bb header_3_font=\u00a0\u00bbConvergence||||||||\u00a0\u00bb header_4_font=\u00a0\u00bbConvergence|700|||||||\u00a0\u00bb header_4_text_color=\u00a0\u00bb#c02026&Prime; header_4_font_size=\u00a0\u00bb22px\u00a0\u00bb custom_padding=\u00a0\u00bb||0px|||\u00a0\u00bb]<\/p>\n<h3 align=\"JUSTIFY\">La ferme<b><br \/> <\/b><\/h3>\n<p>En 1986, Babet a repris la ferme familiale d\u00e9j\u00e0 tr\u00e8s diversifi\u00e9e : fleurs, fruits, l\u00e9gumes de plein champ (jonquilles, fraises, petits fruits, pommes vieilles vari\u00e9t\u00e9s, haricot-mais&#8230;), dans la tradition des fermes de coteaux. G\u00e9rard a rejoint la ferme en 1997 et a install\u00e9 les ateliers de volailles (poulets, poulardes, oies, chapons). Babet et G\u00e9rard, maintenant \u00e0 la retraite, proposent aussi des cr\u00eapes et galettes paysannes.<\/p>\n<p>La ferme est situ\u00e9e \u00e0 Gan sur le canton de Juran\u00e7on. Elle compte 40 ha en propri\u00e9t\u00e9 dont une vingtaine couverte de bois et for\u00eats. Les fruitiers sont essentiellement constitu\u00e9s par des vari\u00e9t\u00e9s locales ou anciennes, et sont plant\u00e9s traditionnellement dans le sens de la pente sur les coteaux.<\/p>\n<h3 align=\"JUSTIFY\"><\/h3>\n<h3 align=\"JUSTIFY\">Les produits<b><br \/> <\/b><\/h3>\n<p align=\"justify\">Les fruits divers et vari\u00e9s sont pour la plupart transform\u00e9s en confitures \u00e0 l&rsquo;ancienne ou en gel\u00e9es.<\/p>\n<p align=\"justify\">Les jonquilles poussent au pieds des chataigniers, et sont cueillies \u00e0 la main.<\/p>\n<p align=\"justify\">[\/et_pb_text][et_pb_gallery gallery_ids=\u00a0\u00bb210077,210076,210075&Prime; posts_number=\u00a0\u00bb3&Prime; show_title_and_caption=\u00a0\u00bboff\u00a0\u00bb show_pagination=\u00a0\u00bboff\u00a0\u00bb _builder_version=\u00a0\u00bb4.6.6&Prime; _module_preset=\u00a0\u00bbdefault\u00a0\u00bb][\/et_pb_gallery][\/et_pb_column][\/et_pb_row][\/et_pb_section][et_pb_section fb_built=\u00a0\u00bb1&Prime; _builder_version=\u00a0\u00bb4.4.8&Prime; background_color=\u00a0\u00bb#ededed\u00a0\u00bb custom_margin=\u00a0\u00bb||-91px|||\u00a0\u00bb custom_padding=\u00a0\u00bb||2px|||\u00a0\u00bb][et_pb_row _builder_version=\u00a0\u00bb4.4.8&Prime; background_enable_color=\u00a0\u00bboff\u00a0\u00bb custom_margin=\u00a0\u00bb-51px|auto||auto||\u00a0\u00bb][et_pb_column type=\u00a0\u00bb4_4&Prime; _builder_version=\u00a0\u00bb4.4.8&Prime;][et_pb_text _builder_version=\u00a0\u00bb4.6.6&Prime; custom_margin=\u00a0\u00bb||19px|||\u00a0\u00bb]<\/p>\n<h3>Retrouvez les douceurs de Babet &amp; G\u00e9rard sur notre boutique en ligne :<\/h3>\n<p>[\/et_pb_text][et_pb_shop type=\u00a0\u00bbproduct_category\u00a0\u00bb posts_number=\u00a0\u00bb4&Prime; include_categories=\u00a0\u00bb81&Prime; _builder_version=\u00a0\u00bb4.6.6&Prime; min_height=\u00a0\u00bb304px\u00a0\u00bb custom_margin=\u00a0\u00bb-2px|||||\u00a0\u00bb custom_padding=\u00a0\u00bb||1px|||\u00a0\u00bb][\/et_pb_shop][\/et_pb_column][\/et_pb_row][\/et_pb_section]<\/p>\n","protected":false},"excerpt":{"rendered":"<p>BAbet Gassi\u00e9s et G\u00e9rard RuizConfitures paysannes, chataignes, jonquillesSt FaustLa ferme En 1986, Babet a repris la ferme familiale d\u00e9j\u00e0 tr\u00e8s diversifi\u00e9e : fleurs, fruits, l\u00e9gumes de plein champ (jonquilles, fraises, petits fruits, pommes vieilles vari\u00e9t\u00e9s, haricot-mais&#8230;), dans la tradition des fermes de coteaux. G\u00e9rard a rejoint la ferme en 1997 et a install\u00e9 les ateliers [&hellip;]<\/p>\n","protected":false},"author":1,"featured_media":0,"parent":206782,"menu_order":0,"comment_status":"closed","ping_status":"closed","template":"","meta":{"_et_pb_use_builder":"on","_et_pb_old_content":"","_et_gb_content_width":"","footnotes":""},"class_list":["post-206830","page","type-page","status-publish","hentry"],"_links":{"self":[{"href":"https:\/\/totdecasa.fr\/index.php\/wp-json\/wp\/v2\/pages\/206830","targetHints":{"allow":["GET"]}}],"collection":[{"href":"https:\/\/totdecasa.fr\/index.php\/wp-json\/wp\/v2\/pages"}],"about":[{"href":"https:\/\/totdecasa.fr\/index.php\/wp-json\/wp\/v2\/types\/page"}],"author":[{"embeddable":true,"href":"https:\/\/totdecasa.fr\/index.php\/wp-json\/wp\/v2\/users\/1"}],"replies":[{"embeddable":true,"href":"https:\/\/totdecasa.fr\/index.php\/wp-json\/wp\/v2\/comments?post=206830"}],"version-history":[{"count":13,"href":"https:\/\/totdecasa.fr\/index.php\/wp-json\/wp\/v2\/pages\/206830\/revisions"}],"predecessor-version":[{"id":210099,"href":"https:\/\/totdecasa.fr\/index.php\/wp-json\/wp\/v2\/pages\/206830\/revisions\/210099"}],"up":[{"embeddable":true,"href":"https:\/\/totdecasa.fr\/index.php\/wp-json\/wp\/v2\/pages\/206782"}],"wp:attachment":[{"href":"https:\/\/totdecasa.fr\/index.php\/wp-json\/wp\/v2\/media?parent=206830"}],"curies":[{"name":"wp","href":"https:\/\/api.w.org\/{rel}","templated":true}]}}