{"id":206798,"date":"2018-02-23T18:38:14","date_gmt":"2018-02-23T17:38:14","guid":{"rendered":"http:\/\/totdecasa.fr\/?page_id=206798"},"modified":"2021-01-20T15:17:11","modified_gmt":"2021-01-20T14:17:11","slug":"domaine-montesquiou","status":"publish","type":"page","link":"https:\/\/totdecasa.fr\/index.php\/producteurs\/domaine-montesquiou\/","title":{"rendered":"Domaine Montesquiou"},"content":{"rendered":"<p>[et_pb_section fb_built=\u00a0\u00bb1&Prime; _builder_version=\u00a0\u00bb4.4.7&Prime; background_enable_color=\u00a0\u00bboff\u00a0\u00bb custom_margin=\u00a0\u00bb29px||-6px|||\u00a0\u00bb custom_padding=\u00a0\u00bb38px||17px|||\u00a0\u00bb][et_pb_row column_structure=\u00a0\u00bb3_4,1_4&Prime; _builder_version=\u00a0\u00bb4.4.7&Prime; custom_padding=\u00a0\u00bb26px||11px|0px||\u00a0\u00bb][et_pb_column type=\u00a0\u00bb3_4&Prime; _builder_version=\u00a0\u00bb4.4.7&Prime;][et_pb_text _builder_version=\u00a0\u00bb4.4.8&Prime; text_font=\u00a0\u00bbdkotago||||||||\u00a0\u00bb text_text_color=\u00a0\u00bb#c02026&Prime; text_font_size=\u00a0\u00bb33px\u00a0\u00bb]<\/p>\n<p>domaine montesquiou<\/p>\n<p>[\/et_pb_text][et_pb_text _builder_version=\u00a0\u00bb4.4.8&Prime; custom_margin=\u00a0\u00bb-8px||6px|||\u00a0\u00bb custom_padding=\u00a0\u00bb9px|||||\u00a0\u00bb]<\/p>\n<h4>S\u00e9bastien et Fabrice Bordenave-Montesquieu<\/h4>\n<p>[\/et_pb_text][et_pb_text _builder_version=\u00a0\u00bb4.4.8&Prime; text_font=\u00a0\u00bbHelvetica||on||||||\u00a0\u00bb text_text_color=\u00a0\u00bb#413a34&Prime; text_font_size=\u00a0\u00bb18px\u00a0\u00bb custom_margin=\u00a0\u00bb||35px|||\u00a0\u00bb]<\/p>\n<p>Vin blanc Juran\u00e7on<\/p>\n<p>[\/et_pb_text][et_pb_divider color=\u00a0\u00bb#ededed\u00a0\u00bb divider_weight=\u00a0\u00bb4px\u00a0\u00bb _builder_version=\u00a0\u00bb4.4.8&Prime; custom_margin=\u00a0\u00bb-20px|||||\u00a0\u00bb][\/et_pb_divider][\/et_pb_column][et_pb_column type=\u00a0\u00bb1_4&Prime; _builder_version=\u00a0\u00bb4.4.7&Prime;][et_pb_image src=\u00a0\u00bbhttp:\/\/totdecasa.fr\/wp-content\/uploads\/2020\/04\/mt-sample-background.jpg\u00a0\u00bb title_text=\u00a0\u00bbmt-sample-background\u00a0\u00bb _builder_version=\u00a0\u00bb4.4.7&Prime; custom_margin=\u00a0\u00bb-12px|||||\u00a0\u00bb][\/et_pb_image][\/et_pb_column][\/et_pb_row][et_pb_row column_structure=\u00a0\u00bb1_3,2_3&Prime; _builder_version=\u00a0\u00bb4.4.8&Prime;][et_pb_column type=\u00a0\u00bb1_3&Prime; _builder_version=\u00a0\u00bb4.4.8&Prime;][et_pb_image src=\u00a0\u00bbhttp:\/\/totdecasa.fr\/wp-content\/uploads\/2018\/02\/Photo-Fr\u00e8res.jpg\u00a0\u00bb title_text=\u00a0\u00bbPhoto Fr\u00e8res\u00a0\u00bb _builder_version=\u00a0\u00bb4.4.8&Prime; custom_margin=\u00a0\u00bb48px|||||\u00a0\u00bb border_radii=\u00a0\u00bbon|8px|8px|8px|8px\u00a0\u00bb][\/et_pb_image][\/et_pb_column][et_pb_column type=\u00a0\u00bb2_3&Prime; _builder_version=\u00a0\u00bb4.4.8&Prime;][et_pb_text _builder_version=\u00a0\u00bb4.4.8&Prime; text_font=\u00a0\u00bbAleo||||||||\u00a0\u00bb header_3_font=\u00a0\u00bbConvergence||||||||\u00a0\u00bb header_4_font=\u00a0\u00bbConvergence|700|||||||\u00a0\u00bb header_4_text_color=\u00a0\u00bb#c02026&Prime; header_4_font_size=\u00a0\u00bb22px\u00a0\u00bb custom_padding=\u00a0\u00bb||0px|||\u00a0\u00bb]<\/p>\n<h3 align=\"JUSTIFY\">Le domaine<\/h3>\n<p align=\"justify\">Le Domaine Montesquiou est un domaine familial ancien de 10 hectares situ\u00e9 \u00e0 Monein. Le vignoble historique est compos\u00e9 de vieilles vignes de 60 ans ; d&rsquo;autres c\u00e9pages anciens (Petit courbu, Camaralet et Lauzet) ont \u00e9t\u00e9 replant\u00e9s afin de red\u00e9finir et d&rsquo;\u00e9toffer les Juran\u00e7ons Secs. Les sols sont argilo-silicieux \u00e0 gros galets type Chateuneuf-du-pape, avec des pentes parfois fortes (jusqu&rsquo;\u00e0 35%) et des vignobles en terrasses. Le Domaine pratique une viticulture qui se veut raisonn\u00e9e et \u00e9cologique (reprise des labours et des semis, protection par produits de contact biologiques au maximum, passages de pr\u00e9parats biodynamiques&#8230;).<\/p>\n<h3 align=\"JUSTIFY\"><\/h3>\n<h3 align=\"JUSTIFY\">Les produits<b><br \/> <\/b><\/h3>\n<p>Le Domaine Montesquiou nous propose un Juran\u00e7on sec, le Cuvade precio\u00f9se et deux Juran\u00e7ons moelleux obtenus par passerillage (l&rsquo;Amistat et le Grappe d&rsquo;or). Tout ces vins sont vinifi\u00e9s et \u00e9lev\u00e9s en f\u00fbts de ch\u00eane fran\u00e7ais.<\/p>\n<p>[\/et_pb_text][\/et_pb_column][\/et_pb_row][\/et_pb_section][et_pb_section fb_built=\u00a0\u00bb1&Prime; _builder_version=\u00a0\u00bb4.4.8&Prime; background_color=\u00a0\u00bb#ededed\u00a0\u00bb custom_margin=\u00a0\u00bb||-5px|||\u00a0\u00bb custom_padding=\u00a0\u00bb||3px|||\u00a0\u00bb][et_pb_row _builder_version=\u00a0\u00bb4.4.8&Prime; background_enable_color=\u00a0\u00bboff\u00a0\u00bb custom_margin=\u00a0\u00bb-51px|auto||auto||\u00a0\u00bb][et_pb_column type=\u00a0\u00bb4_4&Prime; _builder_version=\u00a0\u00bb4.4.8&Prime;][et_pb_text _builder_version=\u00a0\u00bb4.4.8&Prime; custom_margin=\u00a0\u00bb||19px|||\u00a0\u00bb]<\/p>\n<h3>Retrouvez les vins du Domaine Montesquiou sur notre boutique en ligne :<\/h3>\n<p>[\/et_pb_text][et_pb_shop type=\u00a0\u00bbproduct_category\u00a0\u00bb posts_number=\u00a0\u00bb4&Prime; include_categories=\u00a0\u00bb75&Prime; _builder_version=\u00a0\u00bb4.4.8&Prime; custom_margin=\u00a0\u00bb-2px|||||\u00a0\u00bb custom_padding=\u00a0\u00bb||0px|||\u00a0\u00bb][\/et_pb_shop][\/et_pb_column][\/et_pb_row][\/et_pb_section]<\/p>\n","protected":false},"excerpt":{"rendered":"<p>domaine montesquiouS\u00e9bastien et Fabrice Bordenave-MontesquieuVin blanc Juran\u00e7onLe domaine Le Domaine Montesquiou est un domaine familial ancien de 10 hectares situ\u00e9 \u00e0 Monein. Le vignoble historique est compos\u00e9 de vieilles vignes de 60 ans ; d&rsquo;autres c\u00e9pages anciens (Petit courbu, Camaralet et Lauzet) ont \u00e9t\u00e9 replant\u00e9s afin de red\u00e9finir et d&rsquo;\u00e9toffer les Juran\u00e7ons Secs. Les sols [&hellip;]<\/p>\n","protected":false},"author":1,"featured_media":0,"parent":206782,"menu_order":0,"comment_status":"closed","ping_status":"closed","template":"","meta":{"_et_pb_use_builder":"on","_et_pb_old_content":"","_et_gb_content_width":"","footnotes":""},"class_list":["post-206798","page","type-page","status-publish","hentry"],"_links":{"self":[{"href":"https:\/\/totdecasa.fr\/index.php\/wp-json\/wp\/v2\/pages\/206798","targetHints":{"allow":["GET"]}}],"collection":[{"href":"https:\/\/totdecasa.fr\/index.php\/wp-json\/wp\/v2\/pages"}],"about":[{"href":"https:\/\/totdecasa.fr\/index.php\/wp-json\/wp\/v2\/types\/page"}],"author":[{"embeddable":true,"href":"https:\/\/totdecasa.fr\/index.php\/wp-json\/wp\/v2\/users\/1"}],"replies":[{"embeddable":true,"href":"https:\/\/totdecasa.fr\/index.php\/wp-json\/wp\/v2\/comments?post=206798"}],"version-history":[{"count":10,"href":"https:\/\/totdecasa.fr\/index.php\/wp-json\/wp\/v2\/pages\/206798\/revisions"}],"predecessor-version":[{"id":210104,"href":"https:\/\/totdecasa.fr\/index.php\/wp-json\/wp\/v2\/pages\/206798\/revisions\/210104"}],"up":[{"embeddable":true,"href":"https:\/\/totdecasa.fr\/index.php\/wp-json\/wp\/v2\/pages\/206782"}],"wp:attachment":[{"href":"https:\/\/totdecasa.fr\/index.php\/wp-json\/wp\/v2\/media?parent=206798"}],"curies":[{"name":"wp","href":"https:\/\/api.w.org\/{rel}","templated":true}]}}