{"id":206788,"date":"2018-02-23T18:36:32","date_gmt":"2018-02-23T17:36:32","guid":{"rendered":"http:\/\/totdecasa.fr\/?page_id=206788"},"modified":"2021-01-20T15:12:12","modified_gmt":"2021-01-20T14:12:12","slug":"clos-lapeyre","status":"publish","type":"page","link":"https:\/\/totdecasa.fr\/index.php\/producteurs\/clos-lapeyre\/","title":{"rendered":"Clos Lapeyre"},"content":{"rendered":"<p>[et_pb_section fb_built=\u00a0\u00bb1&Prime; _builder_version=\u00a0\u00bb4.4.7&Prime; background_enable_color=\u00a0\u00bboff\u00a0\u00bb custom_margin=\u00a0\u00bb||-6px|||\u00a0\u00bb custom_padding=\u00a0\u00bb55px||17px|||\u00a0\u00bb][et_pb_row column_structure=\u00a0\u00bb3_4,1_4&Prime; _builder_version=\u00a0\u00bb4.4.7&Prime; custom_padding=\u00a0\u00bb26px||11px|0px||\u00a0\u00bb][et_pb_column type=\u00a0\u00bb3_4&Prime; _builder_version=\u00a0\u00bb4.4.7&Prime;][et_pb_text _builder_version=\u00a0\u00bb4.4.8&Prime; text_font=\u00a0\u00bbdkotago||||||||\u00a0\u00bb text_text_color=\u00a0\u00bb#c02026&Prime; text_font_size=\u00a0\u00bb33px\u00a0\u00bb]<\/p>\n<p>Clos lapeyre<\/p>\n<p>[\/et_pb_text][et_pb_text _builder_version=\u00a0\u00bb4.4.8&Prime; custom_margin=\u00a0\u00bb-8px||6px|||\u00a0\u00bb custom_padding=\u00a0\u00bb9px|||||\u00a0\u00bb]<\/p>\n<h4><span style=\"font-family: HelveticaNeue Extended, sans-serif;\">Jean-Bernard Larrieu<\/span><\/h4>\n<p>[\/et_pb_text][et_pb_text _builder_version=\u00a0\u00bb4.4.8&Prime; text_font=\u00a0\u00bbHelvetica||on||||||\u00a0\u00bb text_text_color=\u00a0\u00bb#413a34&Prime; text_font_size=\u00a0\u00bb18px\u00a0\u00bb custom_margin=\u00a0\u00bb||35px|||\u00a0\u00bb]<\/p>\n<p>Vins du Juran\u00e7on.<\/p>\n<p>[\/et_pb_text][et_pb_divider color=\u00a0\u00bb#ededed\u00a0\u00bb divider_weight=\u00a0\u00bb4px\u00a0\u00bb _builder_version=\u00a0\u00bb4.4.8&Prime; custom_margin=\u00a0\u00bb-20px|||||\u00a0\u00bb][\/et_pb_divider][\/et_pb_column][et_pb_column type=\u00a0\u00bb1_4&Prime; _builder_version=\u00a0\u00bb4.4.7&Prime;][et_pb_image src=\u00a0\u00bbhttp:\/\/totdecasa.fr\/wp-content\/uploads\/2020\/04\/mt-sample-background.jpg\u00a0\u00bb title_text=\u00a0\u00bbmt-sample-background\u00a0\u00bb _builder_version=\u00a0\u00bb4.4.7&Prime; custom_margin=\u00a0\u00bb-12px|||||\u00a0\u00bb][\/et_pb_image][\/et_pb_column][\/et_pb_row][et_pb_row column_structure=\u00a0\u00bb1_3,2_3&Prime; _builder_version=\u00a0\u00bb4.4.8&Prime;][et_pb_column type=\u00a0\u00bb1_3&Prime; _builder_version=\u00a0\u00bb4.4.8&Prime;][et_pb_image src=\u00a0\u00bbhttp:\/\/totdecasa.fr\/wp-content\/uploads\/2018\/05\/JB-Larrieu.jpg\u00a0\u00bb title_text=\u00a0\u00bbJB Larrieu\u00a0\u00bb _builder_version=\u00a0\u00bb4.4.8&Prime; custom_margin=\u00a0\u00bb-15px|||||\u00a0\u00bb border_radii=\u00a0\u00bbon|8px|8px|8px|8px\u00a0\u00bb][\/et_pb_image][\/et_pb_column][et_pb_column type=\u00a0\u00bb2_3&Prime; _builder_version=\u00a0\u00bb4.4.8&Prime;][et_pb_text _builder_version=\u00a0\u00bb4.4.8&Prime; text_font=\u00a0\u00bbAleo||||||||\u00a0\u00bb header_3_font=\u00a0\u00bbConvergence||||||||\u00a0\u00bb header_4_font=\u00a0\u00bbConvergence|700|||||||\u00a0\u00bb header_4_text_color=\u00a0\u00bb#c02026&Prime; header_4_font_size=\u00a0\u00bb22px\u00a0\u00bb custom_margin=\u00a0\u00bb8px|||||\u00a0\u00bb custom_padding=\u00a0\u00bb||0px|||\u00a0\u00bb]<\/p>\n<h3 align=\"JUSTIFY\">Le domaine<b><br \/> <\/b><\/h3>\n<p>L&rsquo;exploitation familiale traditionnellement vou\u00e9e \u00e0 la polyculture s&rsquo;est sp\u00e9cialis\u00e9e dans la vigne et le vin depuis l&rsquo;installation de Jean-Bernard Larrieu (3\u00e8me g\u00e9n\u00e9ration) en 1985.<\/p>\n<p>Le Clos Lapeyre est situ\u00e9\u00a0\u00e0 la Chapelle de Rousse sur les coteaux de Juran\u00e7on. Le vignoble, entre 350 et 400m d&rsquo;altitude, compte aujourd&rsquo;hui 18 hectares dont la moiti\u00e9 en terrasses face aux Pyr\u00e9n\u00e9es. Il se compose essentiellement du petit et du gros Manseng mais aussi du Courbu et du Camaralet.<\/p>\n<h3 align=\"JUSTIFY\">Les produits<b><br \/> <\/b><\/h3>\n<h3 align=\"JUSTIFY\"><b><span style=\"font-family: dkotago; font-weight: normal;\"><\/span><\/b><\/h3>\n<p align=\"justify\">Nous avons selectionn\u00e9 les cuv\u00e9es sp\u00e9ciales du Clos Lapeyre, le Vitatges Vielh et le Magendia, ainsi qu&rsquo;un vin blanc naturel. Tous les vins sont certifi\u00e9s Agriculture Biologique AB-FR-10.<span style=\"font-family: HelveticaNeue Extended, sans-serif;\"><br \/> <\/span><\/p>\n<p>[\/et_pb_text][\/et_pb_column][\/et_pb_row][\/et_pb_section][et_pb_section fb_built=\u00a0\u00bb1&Prime; _builder_version=\u00a0\u00bb4.4.8&Prime; background_color=\u00a0\u00bb#ededed\u00a0\u00bb custom_margin=\u00a0\u00bb||-91px|||\u00a0\u00bb custom_padding=\u00a0\u00bb||4px|||\u00a0\u00bb][et_pb_row _builder_version=\u00a0\u00bb4.4.8&Prime; background_enable_color=\u00a0\u00bboff\u00a0\u00bb custom_margin=\u00a0\u00bb-51px|auto||auto||\u00a0\u00bb][et_pb_column type=\u00a0\u00bb4_4&Prime; _builder_version=\u00a0\u00bb4.4.8&Prime;][et_pb_text _builder_version=\u00a0\u00bb4.4.8&Prime; custom_margin=\u00a0\u00bb||19px|||\u00a0\u00bb]<\/p>\n<h3>Retrouvez les vins du Clos Lapeyre sur notre boutique en ligne :<\/h3>\n<p>[\/et_pb_text][et_pb_shop type=\u00a0\u00bbproduct_category\u00a0\u00bb posts_number=\u00a0\u00bb4&Prime; include_categories=\u00a0\u00bb77&Prime; _builder_version=\u00a0\u00bb4.4.8&Prime; custom_margin=\u00a0\u00bb-2px|||||\u00a0\u00bb custom_padding=\u00a0\u00bb||0px|||\u00a0\u00bb][\/et_pb_shop][\/et_pb_column][\/et_pb_row][\/et_pb_section]<\/p>\n","protected":false},"excerpt":{"rendered":"<p>Clos lapeyreJean-Bernard LarrieuVins du Juran\u00e7on.Le domaine L&rsquo;exploitation familiale traditionnellement vou\u00e9e \u00e0 la polyculture s&rsquo;est sp\u00e9cialis\u00e9e dans la vigne et le vin depuis l&rsquo;installation de Jean-Bernard Larrieu (3\u00e8me g\u00e9n\u00e9ration) en 1985. Le Clos Lapeyre est situ\u00e9\u00a0\u00e0 la Chapelle de Rousse sur les coteaux de Juran\u00e7on. Le vignoble, entre 350 et 400m d&rsquo;altitude, compte aujourd&rsquo;hui 18 hectares [&hellip;]<\/p>\n","protected":false},"author":1,"featured_media":0,"parent":206782,"menu_order":0,"comment_status":"closed","ping_status":"closed","template":"","meta":{"_et_pb_use_builder":"on","_et_pb_old_content":"","_et_gb_content_width":"","footnotes":""},"class_list":["post-206788","page","type-page","status-publish","hentry"],"_links":{"self":[{"href":"https:\/\/totdecasa.fr\/index.php\/wp-json\/wp\/v2\/pages\/206788","targetHints":{"allow":["GET"]}}],"collection":[{"href":"https:\/\/totdecasa.fr\/index.php\/wp-json\/wp\/v2\/pages"}],"about":[{"href":"https:\/\/totdecasa.fr\/index.php\/wp-json\/wp\/v2\/types\/page"}],"author":[{"embeddable":true,"href":"https:\/\/totdecasa.fr\/index.php\/wp-json\/wp\/v2\/users\/1"}],"replies":[{"embeddable":true,"href":"https:\/\/totdecasa.fr\/index.php\/wp-json\/wp\/v2\/comments?post=206788"}],"version-history":[{"count":14,"href":"https:\/\/totdecasa.fr\/index.php\/wp-json\/wp\/v2\/pages\/206788\/revisions"}],"predecessor-version":[{"id":210098,"href":"https:\/\/totdecasa.fr\/index.php\/wp-json\/wp\/v2\/pages\/206788\/revisions\/210098"}],"up":[{"embeddable":true,"href":"https:\/\/totdecasa.fr\/index.php\/wp-json\/wp\/v2\/pages\/206782"}],"wp:attachment":[{"href":"https:\/\/totdecasa.fr\/index.php\/wp-json\/wp\/v2\/media?parent=206788"}],"curies":[{"name":"wp","href":"https:\/\/api.w.org\/{rel}","templated":true}]}}