{"id":206786,"date":"2018-02-23T18:36:15","date_gmt":"2018-02-23T17:36:15","guid":{"rendered":"http:\/\/totdecasa.fr\/?page_id=206786"},"modified":"2021-01-20T15:11:26","modified_gmt":"2021-01-20T14:11:26","slug":"clos-labree","status":"publish","type":"page","link":"https:\/\/totdecasa.fr\/index.php\/producteurs\/clos-labree\/","title":{"rendered":"Clos Labr\u00e9e"},"content":{"rendered":"<p>[et_pb_section fb_built=\u00a0\u00bb1&Prime; _builder_version=\u00a0\u00bb4.4.7&Prime; background_enable_color=\u00a0\u00bboff\u00a0\u00bb custom_margin=\u00a0\u00bb||-6px|||\u00a0\u00bb custom_padding=\u00a0\u00bb47px||17px|||\u00a0\u00bb][et_pb_row column_structure=\u00a0\u00bb3_4,1_4&Prime; _builder_version=\u00a0\u00bb4.4.7&Prime; custom_padding=\u00a0\u00bb26px||11px|0px||\u00a0\u00bb][et_pb_column type=\u00a0\u00bb3_4&Prime; _builder_version=\u00a0\u00bb4.4.7&Prime;][et_pb_text _builder_version=\u00a0\u00bb4.4.8&Prime; text_font=\u00a0\u00bbdkotago||||||||\u00a0\u00bb text_text_color=\u00a0\u00bb#c02026&Prime; text_font_size=\u00a0\u00bb33px\u00a0\u00bb]<\/p>\n<p>clos labr\u00e9e<\/p>\n<p>[\/et_pb_text][et_pb_text _builder_version=\u00a0\u00bb4.4.8&Prime; custom_margin=\u00a0\u00bb-8px||6px|||\u00a0\u00bb custom_padding=\u00a0\u00bb9px|||||\u00a0\u00bb]<\/p>\n<h4>Thomas Pissondes<\/h4>\n<p>[\/et_pb_text][et_pb_text _builder_version=\u00a0\u00bb4.4.8&Prime; text_font=\u00a0\u00bbHelvetica||on||||||\u00a0\u00bb text_text_color=\u00a0\u00bb#413a34&Prime; text_font_size=\u00a0\u00bb18px\u00a0\u00bb custom_margin=\u00a0\u00bb||35px|||\u00a0\u00bb]<\/p>\n<p>Vins du Juran\u00e7on. <\/p>\n<p>[\/et_pb_text][et_pb_divider color=\u00a0\u00bb#ededed\u00a0\u00bb divider_weight=\u00a0\u00bb4px\u00a0\u00bb _builder_version=\u00a0\u00bb4.4.8&Prime; custom_margin=\u00a0\u00bb-20px|||||\u00a0\u00bb][\/et_pb_divider][\/et_pb_column][et_pb_column type=\u00a0\u00bb1_4&Prime; _builder_version=\u00a0\u00bb4.4.7&Prime;][et_pb_image src=\u00a0\u00bbhttp:\/\/totdecasa.fr\/wp-content\/uploads\/2020\/04\/mt-sample-background.jpg\u00a0\u00bb title_text=\u00a0\u00bbmt-sample-background\u00a0\u00bb _builder_version=\u00a0\u00bb4.4.7&Prime; custom_margin=\u00a0\u00bb-12px|||||\u00a0\u00bb][\/et_pb_image][\/et_pb_column][\/et_pb_row][et_pb_row column_structure=\u00a0\u00bb1_3,2_3&Prime; _builder_version=\u00a0\u00bb4.4.8&Prime;][et_pb_column type=\u00a0\u00bb1_3&Prime; _builder_version=\u00a0\u00bb4.4.8&Prime;][et_pb_video src=\u00a0\u00bbhttps:\/\/www.youtube.com\/watch?v=YGglFm13Rz0&Prime; _builder_version=\u00a0\u00bb4.4.8&Prime; custom_margin=\u00a0\u00bb74px|||||\u00a0\u00bb][\/et_pb_video][\/et_pb_column][et_pb_column type=\u00a0\u00bb2_3&Prime; _builder_version=\u00a0\u00bb4.4.8&Prime;][et_pb_text _builder_version=\u00a0\u00bb4.4.8&Prime; text_font=\u00a0\u00bbAleo||||||||\u00a0\u00bb header_3_font=\u00a0\u00bbConvergence||||||||\u00a0\u00bb header_4_font=\u00a0\u00bbConvergence|700|||||||\u00a0\u00bb header_4_text_color=\u00a0\u00bb#c02026&Prime; header_4_font_size=\u00a0\u00bb22px\u00a0\u00bb custom_padding=\u00a0\u00bb||0px|||\u00a0\u00bb]<\/p>\n<h3 align=\"JUSTIFY\">Le domaine<b><br \/> <\/b><\/h3>\n<p>Le clos Labr\u00e9e est une ferme familiale situ\u00e9 \u00e0 Chapelle de Rousse sur les coteaux de Juran\u00e7on. Elle a v\u00e9cu longtemps de polyculture avec un petit troupeau de vache allaitantes utilis\u00e9es aussi pour la traction, avec du maraichage et des fruits vendus au march\u00e9 de Pau, et des vignes pour la production de Juran\u00e7on.<\/p>\n<p>Au fil du temps, le domaine s&rsquo;est orient\u00e9 vers l&rsquo;exploitation du vignoble qui s&rsquo;est agrandi et modifi\u00e9 peu \u00e0 peu. Des terrasses ont \u00e9t\u00e9 cr\u00e9es dans les ann\u00e9es 70 puis 90; les Mansengs, Petits et Gros, b\u00e9n\u00e9ficient d&rsquo;une excellente exposition Sud &#8211; Sud-Ouest \u00e0 l&rsquo;abri d&rsquo;une combe prot\u00e9g\u00e9e des vents. une parcelle comprenant du Courbu a r\u00e9cemment \u00e9t\u00e9 plant\u00e9e avec une orientation Est pour donner de la fra\u00eecheur au Juran\u00e7on Sec.<\/p>\n<p>La conduite des parcelles s&rsquo;effectue en suivant les principes de l&rsquo;agriculture biologique et biodynamique avec des traitements \u00e0 base de produits naturels et en privil\u00e9giant le travail du sol afin de pr\u00e9server le mieux possible la sant\u00e9 du consommateur et du producteur, ainsi que notre environnement.<\/p>\n<h3 align=\"JUSTIFY\"><\/h3>\n<h3 align=\"JUSTIFY\">Les produits<b><br \/> <\/b><\/h3>\n<p>Un Juran\u00e7on sec et un moelleux, mais surtout une cuv\u00e9e sp\u00e9ciale : le Perhum d&rsquo;abor. <\/p>\n<p>[\/et_pb_text][\/et_pb_column][\/et_pb_row][\/et_pb_section][et_pb_section fb_built=\u00a0\u00bb1&Prime; _builder_version=\u00a0\u00bb4.4.8&Prime; background_color=\u00a0\u00bb#ededed\u00a0\u00bb custom_margin=\u00a0\u00bb||-91px|||\u00a0\u00bb custom_padding=\u00a0\u00bb||0px|||\u00a0\u00bb][et_pb_row _builder_version=\u00a0\u00bb4.4.8&Prime; background_enable_color=\u00a0\u00bboff\u00a0\u00bb custom_margin=\u00a0\u00bb-55px|auto||auto||\u00a0\u00bb custom_padding=\u00a0\u00bb||6px|||\u00a0\u00bb][et_pb_column type=\u00a0\u00bb4_4&Prime; _builder_version=\u00a0\u00bb4.4.8&Prime;][et_pb_text _builder_version=\u00a0\u00bb4.4.8&Prime; custom_margin=\u00a0\u00bb||19px|||\u00a0\u00bb]<\/p>\n<h3>Retrouvez les vins du Clos Labr\u00e9e sur notre boutique en ligne :<\/h3>\n<p>[\/et_pb_text][et_pb_shop type=\u00a0\u00bbproduct_category\u00a0\u00bb posts_number=\u00a0\u00bb4&Prime; include_categories=\u00a0\u00bb79&Prime; _builder_version=\u00a0\u00bb4.4.8&Prime; custom_margin=\u00a0\u00bb-2px|||||\u00a0\u00bb custom_padding=\u00a0\u00bb||0px|||\u00a0\u00bb][\/et_pb_shop][\/et_pb_column][\/et_pb_row][\/et_pb_section]<\/p>\n","protected":false},"excerpt":{"rendered":"<p>clos labr\u00e9eThomas PissondesVins du Juran\u00e7on. Le domaine Le clos Labr\u00e9e est une ferme familiale situ\u00e9 \u00e0 Chapelle de Rousse sur les coteaux de Juran\u00e7on. Elle a v\u00e9cu longtemps de polyculture avec un petit troupeau de vache allaitantes utilis\u00e9es aussi pour la traction, avec du maraichage et des fruits vendus au march\u00e9 de Pau, et des [&hellip;]<\/p>\n","protected":false},"author":1,"featured_media":0,"parent":206782,"menu_order":0,"comment_status":"closed","ping_status":"closed","template":"","meta":{"_et_pb_use_builder":"on","_et_pb_old_content":"","_et_gb_content_width":"","footnotes":""},"class_list":["post-206786","page","type-page","status-publish","hentry"],"_links":{"self":[{"href":"https:\/\/totdecasa.fr\/index.php\/wp-json\/wp\/v2\/pages\/206786","targetHints":{"allow":["GET"]}}],"collection":[{"href":"https:\/\/totdecasa.fr\/index.php\/wp-json\/wp\/v2\/pages"}],"about":[{"href":"https:\/\/totdecasa.fr\/index.php\/wp-json\/wp\/v2\/types\/page"}],"author":[{"embeddable":true,"href":"https:\/\/totdecasa.fr\/index.php\/wp-json\/wp\/v2\/users\/1"}],"replies":[{"embeddable":true,"href":"https:\/\/totdecasa.fr\/index.php\/wp-json\/wp\/v2\/comments?post=206786"}],"version-history":[{"count":23,"href":"https:\/\/totdecasa.fr\/index.php\/wp-json\/wp\/v2\/pages\/206786\/revisions"}],"predecessor-version":[{"id":210096,"href":"https:\/\/totdecasa.fr\/index.php\/wp-json\/wp\/v2\/pages\/206786\/revisions\/210096"}],"up":[{"embeddable":true,"href":"https:\/\/totdecasa.fr\/index.php\/wp-json\/wp\/v2\/pages\/206782"}],"wp:attachment":[{"href":"https:\/\/totdecasa.fr\/index.php\/wp-json\/wp\/v2\/media?parent=206786"}],"curies":[{"name":"wp","href":"https:\/\/api.w.org\/{rel}","templated":true}]}}