{"id":106,"date":"2018-02-03T15:23:10","date_gmt":"2018-02-03T14:23:10","guid":{"rendered":"http:\/\/totdecasa.fr\/?page_id=106"},"modified":"2022-06-18T11:54:05","modified_gmt":"2022-06-18T09:54:05","slug":"conditions-generales-de-vente","status":"publish","type":"page","link":"https:\/\/totdecasa.fr\/index.php\/conditions-generales-de-vente\/","title":{"rendered":"Conditions g\u00e9n\u00e9rales de vente"},"content":{"rendered":"<p>[et_pb_section fb_built=\u00a0\u00bb1&Prime; _builder_version=\u00a0\u00bb3.22&Prime; min_height=\u00a0\u00bb3565px\u00a0\u00bb custom_padding=\u00a0\u00bb63px||30px|||\u00a0\u00bb][et_pb_row _builder_version=\u00a0\u00bb4.4.7&Prime; background_color=\u00a0\u00bb#ffffff\u00a0\u00bb min_height=\u00a0\u00bb3497px\u00a0\u00bb custom_margin=\u00a0\u00bb-41px|auto||auto||\u00a0\u00bb custom_padding=\u00a0\u00bb16px||2px|||\u00a0\u00bb][et_pb_column type=\u00a0\u00bb4_4&Prime; _builder_version=\u00a0\u00bb3.25&Prime; custom_padding=\u00a0\u00bb|||\u00a0\u00bb custom_padding__hover=\u00a0\u00bb|||\u00a0\u00bb][et_pb_text ul_item_indent=\u00a0\u00bb60px\u00a0\u00bb _builder_version=\u00a0\u00bb4.4.8&Prime; saved_tabs=\u00a0\u00bball\u00a0\u00bb]<\/p>\n<h1 style=\"text-align: center;\"><em><strong>Condition G\u00e9n\u00e9rales de Ventes <\/strong><\/em><\/h1>\n<h3 style=\"text-align: center;\"><em><strong>dans le cadre de la Boutique en ligne (commande en ligne et paiement au point de vente).<\/strong><\/em><\/h3>\n<h2><\/h2>\n<p>&nbsp;<\/p>\n<h3>Article 1 &#8211; Domaine d\u2019application<\/h3>\n<p>Les pr\u00e9sentes Conditions G\u00e9n\u00e9rales de Vente s\u2019appliquent exclusivement aux relations commerciales existant entre Tot de Casa et le client auteur d\u2019une commande sur la Boutique en ligne du site <a href=\"http:\/\/www.totdecasa.fr\">www.totdecasa.fr<\/a>.<\/p>\n<h2><\/h2>\n<p>&nbsp;<\/p>\n<h3>Article 2 &#8211; Acceptation des Conditions G\u00e9n\u00e9rales de Vente<\/h3>\n<p>Passer commande depuis la Boutique en ligne du site <a href=\"http:\/\/www.totdecasa.fr\">www.totdecasa.fr<\/a> entraine l\u2019acceptation des Condition G\u00e9n\u00e9rales de Ventes ici pr\u00e9sentes. Le client les reconnait et renonce \u00e0 faire valoir tout document pouvant les contredire.<\/p>\n<p>Les Conditions G\u00e9n\u00e9rales de Ventes sont en permanences disponibles sur notre site internet. Le Coll\u00e8ge des associ\u00e9s Tot de Casa se r\u00e9serve un droit de modification en tout ou partie desdites Conditions G\u00e9n\u00e9rales de Vente\u00a0; nous invitons donc le client \u00e0 s\u2019y r\u00e9f\u00e9rer r\u00e9guli\u00e8rement.<\/p>\n<p>A toute nouvelle commande, le client accepte la version en vigueur.<\/p>\n<p>Les donn\u00e9es enregistr\u00e9es sur le site constituent la preuve de l\u2019ensemble de la transaction dans sa date, son contenu et sa nature.<\/p>\n<p>&nbsp;<\/p>\n<h3>Article 3 &#8211; Produits<\/h3>\n<p>Le site\u00a0<a href=\"http:\/\/www.totdecasa.fr\">www.totdecasa.fr<\/a> propose, pour chacun des produits pr\u00e9sent\u00e9s \u00e0 la vente dans sa Boutique en ligne, un descriptif d\u00e9taill\u00e9 conforme aux prescriptions l\u00e9gales. Ces caract\u00e9ristiques permettent au client d\u2019appr\u00e9cier les caract\u00e9ristiques globales de chaque produit avant de passer commande, s\u2019il le souhaite.<\/p>\n<p>En cas de diff\u00e9rence notable entre le descriptif et le produit livr\u00e9, Tot de Casa s\u2019engage \u00e0 accepter l\u2019\u00e9change ou le remboursement du produit concern\u00e9.<\/p>\n<p>Le client reconnait, en passant commande, avoir pris connaissance de l\u2019ensemble des caract\u00e9ristiques de chaque produit (d\u00e9nomination, origine, descriptif, prix, ingr\u00e9dients, quantit\u00e9, poids) et d\u00e9clare les accepter sans r\u00e9serve.<\/p>\n<p>L\u2019ensemble des photographies ou des repr\u00e9sentations graphiques utilis\u00e9es pour illustrer les produits ne poss\u00e8dent aucun caract\u00e8re contractuel et ne constituent aucunement la repr\u00e9sentation exacte des produits livr\u00e9s. L\u2019ensemble de ces repr\u00e9sentations graphiques ont \u00e9t\u00e9 obtenue \u00e0 partir d\u2019un \u00e9chantillon des produits disponibles \u00e0 la vente.<\/p>\n<p>&nbsp;<\/p>\n<h3>Article 4 &#8211; Compte client et confidentialit\u00e9<\/h3>\n<p>Pour b\u00e9n\u00e9ficier du service de commande en ligne, le client doit s\u2019inscrire en renseignant l\u2019ensemble des informations qui lui sont demand\u00e9 via le formulaire d\u2019inscription. Le client est alors invit\u00e9 \u00e0 choisir un login et un mot de passe afin de finaliser son inscription.<\/p>\n<p>Le client s\u2019engage \u00e0 fournir des informations exactes et compl\u00e8tes et, le cas \u00e9ch\u00e9ant, \u00e0 les actualiser dans les plus brefs d\u00e9lais dans leur espace personnel \u00e0 la rubrique \u00ab\u00a0informations personnelles \u00bb.<\/p>\n<p>Le Coll\u00e8ge des associ\u00e9s Tot de casa s\u2019engage \u00e0 pr\u00e9server la confidentialit\u00e9 de l\u2019ensemble des informations communiqu\u00e9es par le client. Le client lui s\u2019engage \u00e0 pr\u00e9server la confidentialit\u00e9 de son mot de passe pour \u00e9viter toute utilisation frauduleuse de son compte. En effet l\u2019utilisation du service effectu\u00e9e par le biais d\u2019un compte client est r\u00e9put\u00e9e avoir \u00e9t\u00e9 effectu\u00e9e par ce dernier.<\/p>\n<p>En cas de divulgation du mot de passe \u00e0 un tiers, le client est responsable de toute violation des pr\u00e9sentes Conditions G\u00e9n\u00e9rales de Vente. Le client reconnait que le Coll\u00e8ge des associ\u00e9s Tot de Casa ne pourra \u00eatre tenue responsable de tout dommage caus\u00e9 par un manquement aux obligations de confidentialit\u00e9 qui incombent au client.<\/p>\n<p>&nbsp;<\/p>\n<h3>Article 5 &#8211; Disponibilit\u00e9 des produits et commande<\/h3>\n<p>Le service propos\u00e9 sur la Boutique en ligne du site <a href=\"http:\/\/www.totdecasa.fr\">www.totdecasa.fr<\/a> s\u2019effectue dans la limite des stocks disponibles. En cas de rupture de stock le client sera inform\u00e9 et Tot de Casa ne sera pas tenu pour responsable.<\/p>\n<p>Pour effectuer une commande, le client peut se rendre sur l\u2019onglet \u00ab\u00a0Boutique en ligne\u00a0\u00bb du menu principal du site.<\/p>\n<p>Il constitue son panier virtuel en s\u00e9lectionnant les produits et leur quantit\u00e9 d\u00e9sir\u00e9e en cliquant sur le bouton \u00ab Ajouter au panier \u00bb. Le client peut visualiser, \u00e0 tout moment, les produits choisis en cliquant sur \u00ab Voir le panier \u00bb ou sur l\u2019ic\u00f4ne \u00ab\u00a0caddie\u00a0\u00bb pr\u00e9sent dans le menu principal du site. Le client peut modifier sa commande : il peut changer la quantit\u00e9 d\u00e9sir\u00e9e, puis valider en cliquant sur \u00ab Mettre \u00e0 jour le panier \u00bb ; il peut supprimer totalement un produit en cliquant sur \u00ab Retirer \u00bb. Lorsque le contenu de son panier virtuel lui semble satisfaisant il peut valider sa commande en cliquant sur \u00ab Valider la commande \u00bb.<\/p>\n<p>Le client renseigne alors les informations personnelles n\u00e9cessaires \u00e0 la bonne identification de sa commande, et valide en cliquant sur \u00ab\u00a0Commander\u00a0\u00bb. Le paiement se fait exclusivement \u00e0 r\u00e9ception de la commande au point de vente collectif Tot de casa, 6 place Am\u00e9d\u00e9e Gabe, 64400 Oloron Sainte-Marie.<\/p>\n<p>Le client re\u00e7oit un m\u00e8l de confirmation de sa commande sur l\u2019adresse m\u00e8l renseign\u00e9e.<\/p>\n<p>Si le client poss\u00e8de d\u00e9j\u00e0 un compte sur la boutique en ligne, il peut alors se connecter directement \u00e0 celui-ci en cliquant sur l\u2019ic\u00f4ne \u00ab\u00a0individu\u00a0\u00bb du menu principal ; il peut ensuite passer classiquement sa commande.<\/p>\n<p>&nbsp;<\/p>\n<h3>Article 6 &#8211; Prix et conditions de paiement<\/h3>\n<p>Les produits sont livr\u00e9s aux tarifs indiqu\u00e9s sur le r\u00e9capitulatif de la commande pr\u00e9alablement envoy\u00e9e au client. Pour les produits \u00ab\u00a0au poids\u00a0\u00bb (fruits et l\u00e9gumes, viandes, notamment), comme indiqu\u00e9 dans le descriptif des produits en question, le prix est alors indicatif\u00a0; une variation de 10% du poids final \u00e0 la livraison peut avoir lieux. Le prix d\u00e9finitif est alors communiqu\u00e9 lors du retrait de la commande en magasin.<\/p>\n<p>Les prix sont exprim\u00e9s en euros \u00ab\u00a0toutes taxes comprises\u00a0\u00bb (TVA de 5,5% \u00e0 20% en fonction de la nature du produit).<br \/> Le paiement de la totalit\u00e9 du prix doit \u00eatre r\u00e9alis\u00e9 au retrait des marchandises par le client, directement en magasin. Il peut payer par carte bancaire, ch\u00e8que, esp\u00e8ces ou Tinda.<\/p>\n<p>&nbsp;<\/p>\n<h3>Article 7 &#8211; Droit de r\u00e9tractation<\/h3>\n<p>En application des dispositions du Code de la consommation, aucun droit de r\u00e9tractation n\u2019est applicable en ce qui concerne les produits rapidement p\u00e9rissables (fruits, l\u00e9gumes, produits laitiers, carn\u00e9s\u2026).<\/p>\n<p>&nbsp;<\/p>\n<h3>Article 8 &#8211; Interventions sur le site<\/h3>\n<p>Le Coll\u00e8ge des associ\u00e9s Tot de casa se r\u00e9serve le droit, \u00e0 tout moment et sans pr\u00e9avis :<\/p>\n<ul>\n<li>de modifier ou mettre \u00e0 jour les informations publi\u00e9es sur la Boutique en ligne du site <a href=\"http:\/\/www.totdecasa.fr\">www.totdecasa.fr<\/a>,<\/li>\n<li>d&rsquo;actualiser les informations et les conditions d&rsquo;utilisation du service.<\/li>\n<\/ul>\n<p>Nous invitons le client \u00e0 les consulter r\u00e9guli\u00e8rement.<br \/> Toute utilisation et\/ou exploitation frauduleuse du site par un tiers ne saurait en aucun cas engager la quelconque responsabilit\u00e9 du Coll\u00e8ge des associ\u00e9s Tot de Casa.<\/p>\n<p>&nbsp;<\/p>\n<h3>Article 9 &#8211; Informations personnelles<\/h3>\n<p>Conform\u00e9ment \u00e0 la loi informatique et libert\u00e9s du 06\/01\/78, les informations relatives aux clients utilisateurs du site sont n\u00e9cessaires au bon fonctionnement du service propos\u00e9. Elles sont exclusivement r\u00e9serv\u00e9es \u00e0 l\u2019usage le Coll\u00e8ge des associ\u00e9s Tot de Casa et ne seront en aucun cas divulgu\u00e9es.<\/p>\n<p>Conform\u00e9ment au texte de loi \u00e9voqu\u00e9 pr\u00e9c\u00e9demment le client dispose \u00e0 tout moment d\u2019un droit d\u2019acc\u00e8s, de modification, de rectification et d\u2019opposition s\u2019agissant des informations le concernant conform\u00e9ment \u00e0 la r\u00e8glementation en vigueur. Pour exercer ce droit, le client peut nous \u00e9crire \u00e0 l\u2019adresse suivante\u00a0:<\/p>\n<p>Association Tot de Casa, 59 rue Carrerot, 64400 Oloron Sainte-Marie.<\/p>\n<p>Par m\u00e9l : magasin.totdecasa@gmail.com<\/p>\n<p>Conform\u00e9ment \u00e0 l\u2019article 30 du RGPD, l\u2019association Tot de casa constitue et met \u00e0 jour r\u00e9guli\u00e8rement un registre en conformit\u00e9 aux r\u00e8gles de protection des donn\u00e9es.<\/p>\n<p>Pour en savoir plus sur la gestion de vos donn\u00e9es personnelles, <a href=\"http:\/\/totdecasa.fr\/index.php\/mentions-legales\/\" target=\"_blank\" rel=\"noopener noreferrer\">rendez-vous sur les Mentions l\u00e9gales du site www.totdecasa.fr<\/a>.<\/p>\n<p>&nbsp;<\/p>\n<h3>Article 10 &#8211; Propri\u00e9t\u00e9 intellectuelle<\/h3>\n<p>L\u2019ensemble du contenu publi\u00e9 sur la Boutique en ligne du site <a href=\"http:\/\/www.totdecasa.fr\">www.totdecasa.fr<\/a> est la propri\u00e9t\u00e9 de l\u2019association Tot de Casa. Toute utilisation ou reproduction m\u00eame partielle est soumise \u00e0 l\u2019autorisation du Conseil Coll\u00e9gial de Tot de Casa.<\/p>\n<p>&nbsp;<\/p>\n<h3>Article 11 &#8211; Responsabilit\u00e9 et force majeure<\/h3>\n<p>Le Conseil Coll\u00e9gial de Tot de Casa ne saurait \u00eatre tenu responsable de tout probl\u00e8me ou cas de force majeure compromettant l\u2019acc\u00e8s au site<a href=\"http:\/\/www.totdecasa.fr\">\u00a0www.totdecasa.fr<\/a>. En cas de force majeur aucune des parties ne sera tenu responsable de la non-ex\u00e9cution totale ou partielle des termes du contrat constitu\u00e9 par la prise de commande. Jurisprudence incluse, la guerre, l\u2019\u00e9meute, l\u2019incendie, les inondations et l\u2019impossibilit\u00e9 d\u2019approvisionnement sont des cas de force majeure.<\/p>\n<p>Le Conseil Coll\u00e9gial de Tot de casa s\u2019efforce de diffuser des informations exactes et pr\u00e9cise concernant la Boutique en ligne du site <a href=\"http:\/\/www.totdecasa.fr\">www.totdecasa.fr<\/a> ; informations r\u00e9guli\u00e8rement mises \u00e0 jour. Le cas \u00e9ch\u00e9ant le Conseil Coll\u00e9gial de Tot de Casa ne saurait \u00eatre tenu responsable de toute erreur ou omission que pourrait contenir le site. Le Conseil Coll\u00e9gial de Tot de Casa n\u2019est en aucun cas responsable des contenus, produits ou publicit\u00e9s dispens\u00e9s par d\u2019autres sites internet qui lui sont affili\u00e9s.<\/p>\n<p>La responsabilit\u00e9 du Conseil Coll\u00e9gial de Tot de Casa ne pourrait \u00eatre engag\u00e9e en cas d\u2019avarie technique impactant le syst\u00e8me informatique (pannes, erreurs, virus, intrusion, obstacles \u00e0 la continuit\u00e9 d\u2019acc\u00e8s \u00e0 notre site, comme de tout incident cons\u00e9quent \u00e0 la navigation sur internet).<\/p>\n<p>Le Conseil Coll\u00e9gial de Tot de casa ne saurait \u00eatre tenu responsable de tout probl\u00e8me sanitaire li\u00e9 \u00e0 un d\u00e9faut de pr\u00e9paration ou de conservation par le client apr\u00e8s commercialisation d\u2019un produit command\u00e9 sur le site <a href=\"http:\/\/www.totdecasa.fr\">www.totdecasa.fr<\/a>.<\/p>\n<p>&nbsp;<\/p>\n<h3>Article 12 &#8211; Litiges<\/h3>\n<p>Pour toute r\u00e9clamation ou contestation, suite \u00e0 une prise de commande sur la Boutique en ligne du site\u00a0<a href=\"http:\/\/www.totdecasa.fr\">www.totdecasa.fr<\/a>, vous pouvez venir vous adresser directement \u00e0 notre point de vente, afin d\u2019expliquer votre situation. Nous y rem\u00e9dierons \u00e0 l\u2019amiable dans la mesure du possible. Vous pouvez aussi nous adresser un courrier \u00e0 l\u2019adresse suivante\u00a0:<\/p>\n<p>Tot de Casa<br \/>59 rue Carrerot<br \/> 64400 Oloron Sainte-Marie<br \/> Par m\u00e9l\u00a0: magasin.totdecasa@gmail.com<br \/> Par t\u00e9l\u00e9phone : 05 59 39 06 02<\/p>\n<p>&nbsp;<\/p>\n<h3>Article 13 &#8211; Droit applicable et juridiction comp\u00e9tente<\/h3>\n<p>Les pr\u00e9sentes Conditions G\u00e9n\u00e9rales de Vente sont soumises au droit fran\u00e7ais. Tous les litiges relatifs \u00e0 la relation commerciale pouvant exister entre le client et Tot de casa seront soumis \u00e0 la comp\u00e9tence exclusive des juridictions fran\u00e7aises.<\/p>\n<p>Le r\u00e9capitulatif de commande et les pr\u00e9sentes Conditions G\u00e9n\u00e9rales de Ventes transmis \u00e0 l\u2019auteur de la commande constituent l\u2019int\u00e9gralit\u00e9 des relations contractuelles intervenues entre les Parties.<\/p>\n<p>Les pr\u00e9sentes Conditions G\u00e9n\u00e9rales de Vente sont soumises au droit fran\u00e7ais.<\/p>\n<p>[\/et_pb_text][\/et_pb_column][\/et_pb_row][\/et_pb_section]<\/p>\n","protected":false},"excerpt":{"rendered":"<p>Condition G\u00e9n\u00e9rales de Ventes dans le cadre de la Boutique en ligne (commande en ligne et paiement au point de vente). &nbsp; Article 1 &#8211; Domaine d\u2019application Les pr\u00e9sentes Conditions G\u00e9n\u00e9rales de Vente s\u2019appliquent exclusivement aux relations commerciales existant entre Tot de Casa et le client auteur d\u2019une commande sur la Boutique en ligne du [&hellip;]<\/p>\n","protected":false},"author":1,"featured_media":0,"parent":0,"menu_order":0,"comment_status":"closed","ping_status":"closed","template":"","meta":{"_et_pb_use_builder":"on","_et_pb_old_content":"","_et_gb_content_width":"","footnotes":""},"class_list":["post-106","page","type-page","status-publish","hentry"],"_links":{"self":[{"href":"https:\/\/totdecasa.fr\/index.php\/wp-json\/wp\/v2\/pages\/106","targetHints":{"allow":["GET"]}}],"collection":[{"href":"https:\/\/totdecasa.fr\/index.php\/wp-json\/wp\/v2\/pages"}],"about":[{"href":"https:\/\/totdecasa.fr\/index.php\/wp-json\/wp\/v2\/types\/page"}],"author":[{"embeddable":true,"href":"https:\/\/totdecasa.fr\/index.php\/wp-json\/wp\/v2\/users\/1"}],"replies":[{"embeddable":true,"href":"https:\/\/totdecasa.fr\/index.php\/wp-json\/wp\/v2\/comments?post=106"}],"version-history":[{"count":21,"href":"https:\/\/totdecasa.fr\/index.php\/wp-json\/wp\/v2\/pages\/106\/revisions"}],"predecessor-version":[{"id":210374,"href":"https:\/\/totdecasa.fr\/index.php\/wp-json\/wp\/v2\/pages\/106\/revisions\/210374"}],"wp:attachment":[{"href":"https:\/\/totdecasa.fr\/index.php\/wp-json\/wp\/v2\/media?parent=106"}],"curies":[{"name":"wp","href":"https:\/\/api.w.org\/{rel}","templated":true}]}}